{"id":62,"date":"2025-01-30T16:03:08","date_gmt":"2025-01-30T16:03:08","guid":{"rendered":"https:\/\/imbeaultprets.ca\/?page_id=62"},"modified":"2025-04-21T13:44:14","modified_gmt":"2025-04-21T13:44:14","slug":"offres-de-services","status":"publish","type":"page","link":"https:\/\/imbeaultprets.ca\/en\/offres-de-services\/","title":{"rendered":"Daily rates"},"content":{"rendered":"<div data-elementor-type=\"wp-page\" data-elementor-id=\"62\" class=\"elementor elementor-62\" data-elementor-post-type=\"page\">\n\t\t\t\t<div class=\"elementor-element elementor-element-67c8b54 e-con-full e-flex e-con e-child\" data-id=\"67c8b54\" data-element_type=\"container\" data-settings=\"{&quot;background_background&quot;:&quot;classic&quot;}\">\n\t\t\t\t<div class=\"elementor-element elementor-element-addcd58 elementor-widget elementor-widget-heading\" data-id=\"addcd58\" data-element_type=\"widget\" data-widget_type=\"heading.default\">\n\t\t\t\t<div class=\"elementor-widget-container\">\n\t\t\t\t\t<h2 class=\"elementor-heading-title elementor-size-default\">Our daily rates<\/h2>\t\t\t\t<\/div>\n\t\t\t\t<\/div>\n\t\t\t\t<div class=\"elementor-element elementor-element-bc5d7ce elementor-widget elementor-widget-text-editor\" data-id=\"bc5d7ce\" data-element_type=\"widget\" data-widget_type=\"text-editor.default\">\n\t\t\t\t<div class=\"elementor-widget-container\">\n\t\t\t\t\t\t\t\t\t<p data-start=\"89\" data-end=\"389\"><strong>Discover our exclusive mortgage brokerage offer<\/strong> with<strong> immediate visibility on our daily rates<\/strong>. Whether you're considering <strong>a fixed or variable rate<\/strong>, benefit from <strong>regularly updated information<\/strong> to optimize your financing decisions. Our intuitive interface lets you see all current rates at a glance, guaranteeing <strong>total transparency<\/strong> and absolute confidence in your real estate project. Make the choice of expertise and rigor, and rely on a rigorous selection of up-to-date data to make your ambitions a reality.<\/p>\t\t\t\t\t\t\t\t<\/div>\n\t\t\t\t<\/div>\n\t\t\t\t<\/div>\n\t\t<div class=\"elementor-element elementor-element-6ee740f e-flex e-con-boxed e-con e-parent\" data-id=\"6ee740f\" data-element_type=\"container\" data-settings=\"{&quot;background_background&quot;:&quot;classic&quot;}\">\n\t\t\t\t\t<div class=\"e-con-inner\">\n\t\t<div class=\"elementor-element elementor-element-2fa7cf1 e-con-full e-flex e-con e-child\" data-id=\"2fa7cf1\" data-element_type=\"container\" data-settings=\"{&quot;background_background&quot;:&quot;classic&quot;}\">\n\t\t\t\t<div class=\"elementor-element elementor-element-a96972a elementor-widget elementor-widget-heading\" data-id=\"a96972a\" data-element_type=\"widget\" data-widget_type=\"heading.default\">\n\t\t\t\t<div class=\"elementor-widget-container\">\n\t\t\t\t\t<h1 class=\"elementor-heading-title elementor-size-default\">Our mortgage rates<\/h1>\t\t\t\t<\/div>\n\t\t\t\t<\/div>\n\t\t\t\t<div class=\"elementor-element elementor-element-2779792 elementor-widget elementor-widget-text-editor\" data-id=\"2779792\" data-element_type=\"widget\" data-widget_type=\"text-editor.default\">\n\t\t\t\t<div class=\"elementor-widget-container\">\n\t\t\t\t\t\t\t\t\t<div class=\"flex max-w-full flex-col flex-grow\"><div class=\"min-h-8 text-message flex w-full flex-col items-end gap-2 whitespace-normal break-words text-start [.text-message+&amp;]:mt-5\" dir=\"auto\" data-message-author-role=\"assistant\" data-message-id=\"17dcf696-32dd-4d24-a755-38dc32c78261\" data-message-model-slug=\"gpt-4o\"><div class=\"flex w-full flex-col gap-1 empty:hidden first:pt-[3px]\"><div class=\"markdown prose w-full break-words dark:prose-invert light\"><p data-start=\"75\" data-end=\"442\">We negotiate the best mortgage rates for you, to offer you optimal financing tailored to your situation. Whether you're <strong data-start=\"245\" data-end=\"324\">buying a property, refinancing or renewing your mortgage<\/strong>, we work with a wide network of lenders to guarantee you advantageous and transparent conditions.<\/p><p data-start=\"444\" data-end=\"577\"><strong data-start=\"447\" data-end=\"575\">Take advantage of competitive rates and tailor-made support to bring your real estate project to fruition with complete peace of mind.<\/strong><\/p><p data-start=\"579\" data-end=\"660\" data-is-last-node=\"\" data-is-only-node=\"\"><strong data-start=\"582\" data-end=\"657\">Contact us today to find out your personalized rate!<\/strong>\u00a0<\/p><\/div><\/div><\/div><\/div>\t\t\t\t\t\t\t\t<\/div>\n\t\t\t\t<\/div>\n\t\t\t\t<\/div>\n\t\t<div class=\"elementor-element elementor-element-637d4e4 e-con-full e-flex e-con e-child\" data-id=\"637d4e4\" data-element_type=\"container\" data-settings=\"{&quot;background_background&quot;:&quot;classic&quot;}\">\n\t\t<div class=\"elementor-element elementor-element-be9d265 e-con-full e-flex e-con e-child\" data-id=\"be9d265\" data-element_type=\"container\">\n\t\t<div class=\"elementor-element elementor-element-6a29ed3 e-con-full e-flex e-con e-child\" data-id=\"6a29ed3\" data-element_type=\"container\">\n\t\t\t\t<div class=\"elementor-element elementor-element-52540b5 elementor-widget elementor-widget-heading\" data-id=\"52540b5\" data-element_type=\"widget\" data-widget_type=\"heading.default\">\n\t\t\t\t<div class=\"elementor-widget-container\">\n\t\t\t\t\t<h2 class=\"elementor-heading-title elementor-size-default\">Fixed rate<\/h2>\t\t\t\t<\/div>\n\t\t\t\t<\/div>\n\t\t\t\t<div class=\"elementor-element elementor-element-bfc2bab elementor-widget-divider--view-line elementor-widget elementor-widget-divider\" data-id=\"bfc2bab\" data-element_type=\"widget\" data-widget_type=\"divider.default\">\n\t\t\t\t<div class=\"elementor-widget-container\">\n\t\t\t\t\t\t\t<div class=\"elementor-divider\">\n\t\t\t<span class=\"elementor-divider-separator\">\n\t\t\t\t\t\t<\/span>\n\t\t<\/div>\n\t\t\t\t\t\t<\/div>\n\t\t\t\t<\/div>\n\t\t<div class=\"elementor-element elementor-element-df8bc8a e-grid e-con-full e-con e-child\" data-id=\"df8bc8a\" data-element_type=\"container\">\n\t\t<div class=\"elementor-element elementor-element-94936c6 e-con-full e-flex e-con e-child\" data-id=\"94936c6\" data-element_type=\"container\">\n\t\t\t\t<div class=\"elementor-element elementor-element-866b9f1 elementor-widget elementor-widget-text-editor\" data-id=\"866b9f1\" data-element_type=\"widget\" data-widget_type=\"text-editor.default\">\n\t\t\t\t<div class=\"elementor-widget-container\">\n\t\t\t\t\t\t\t\t\t<p>1 year<\/p>\t\t\t\t\t\t\t\t<\/div>\n\t\t\t\t<\/div>\n\t\t\t\t<div class=\"elementor-element elementor-element-be15500 elementor-widget elementor-widget-text-editor\" data-id=\"be15500\" data-element_type=\"widget\" data-widget_type=\"text-editor.default\">\n\t\t\t\t<div class=\"elementor-widget-container\">\n\t\t\t\t\t\t\t\t\t<pre><strong>5.44%<\/strong><\/pre>\t\t\t\t\t\t\t\t<\/div>\n\t\t\t\t<\/div>\n\t\t\t\t<\/div>\n\t\t<div class=\"elementor-element elementor-element-7a34ab8 e-con-full e-flex e-con e-child\" data-id=\"7a34ab8\" data-element_type=\"container\">\n\t\t\t\t<div class=\"elementor-element elementor-element-f6f0024 elementor-widget elementor-widget-text-editor\" data-id=\"f6f0024\" data-element_type=\"widget\" data-widget_type=\"text-editor.default\">\n\t\t\t\t<div class=\"elementor-widget-container\">\n\t\t\t\t\t\t\t\t\t<p>2 years<\/p>\t\t\t\t\t\t\t\t<\/div>\n\t\t\t\t<\/div>\n\t\t\t\t<div class=\"elementor-element elementor-element-cb24588 elementor-widget elementor-widget-text-editor\" data-id=\"cb24588\" data-element_type=\"widget\" data-widget_type=\"text-editor.default\">\n\t\t\t\t<div class=\"elementor-widget-container\">\n\t\t\t\t\t\t\t\t\t<pre><strong>4.09%<\/strong><\/pre>\t\t\t\t\t\t\t\t<\/div>\n\t\t\t\t<\/div>\n\t\t\t\t<\/div>\n\t\t<div class=\"elementor-element elementor-element-5b385e9 e-con-full e-flex e-con e-child\" data-id=\"5b385e9\" data-element_type=\"container\">\n\t\t\t\t<div class=\"elementor-element elementor-element-4bc3919 elementor-widget elementor-widget-text-editor\" data-id=\"4bc3919\" data-element_type=\"widget\" data-widget_type=\"text-editor.default\">\n\t\t\t\t<div class=\"elementor-widget-container\">\n\t\t\t\t\t\t\t\t\t<p>3 years<\/p>\t\t\t\t\t\t\t\t<\/div>\n\t\t\t\t<\/div>\n\t\t\t\t<div class=\"elementor-element elementor-element-fa542fd elementor-widget elementor-widget-text-editor\" data-id=\"fa542fd\" data-element_type=\"widget\" data-widget_type=\"text-editor.default\">\n\t\t\t\t<div class=\"elementor-widget-container\">\n\t\t\t\t\t\t\t\t\t<pre><strong>3.99%<\/strong><\/pre>\t\t\t\t\t\t\t\t<\/div>\n\t\t\t\t<\/div>\n\t\t\t\t<\/div>\n\t\t<div class=\"elementor-element elementor-element-447b2cd e-con-full e-flex e-con e-child\" data-id=\"447b2cd\" data-element_type=\"container\">\n\t\t\t\t<div class=\"elementor-element elementor-element-24c7c76 elementor-widget elementor-widget-text-editor\" data-id=\"24c7c76\" data-element_type=\"widget\" data-widget_type=\"text-editor.default\">\n\t\t\t\t<div class=\"elementor-widget-container\">\n\t\t\t\t\t\t\t\t\t<p>4 years<\/p>\t\t\t\t\t\t\t\t<\/div>\n\t\t\t\t<\/div>\n\t\t\t\t<div class=\"elementor-element elementor-element-6fd42e1 elementor-widget elementor-widget-text-editor\" data-id=\"6fd42e1\" data-element_type=\"widget\" data-widget_type=\"text-editor.default\">\n\t\t\t\t<div class=\"elementor-widget-container\">\n\t\t\t\t\t\t\t\t\t<pre><strong>4.09%<\/strong><\/pre>\t\t\t\t\t\t\t\t<\/div>\n\t\t\t\t<\/div>\n\t\t\t\t<\/div>\n\t\t<div class=\"elementor-element elementor-element-201252f e-con-full e-flex e-con e-child\" data-id=\"201252f\" data-element_type=\"container\">\n\t\t\t\t<div class=\"elementor-element elementor-element-fca24ba elementor-widget elementor-widget-text-editor\" data-id=\"fca24ba\" data-element_type=\"widget\" data-widget_type=\"text-editor.default\">\n\t\t\t\t<div class=\"elementor-widget-container\">\n\t\t\t\t\t\t\t\t\t<p>5 years<\/p>\t\t\t\t\t\t\t\t<\/div>\n\t\t\t\t<\/div>\n\t\t\t\t<div class=\"elementor-element elementor-element-f6091f4 elementor-widget elementor-widget-text-editor\" data-id=\"f6091f4\" data-element_type=\"widget\" data-widget_type=\"text-editor.default\">\n\t\t\t\t<div class=\"elementor-widget-container\">\n\t\t\t\t\t\t\t\t\t<pre><strong>3.99%<\/strong><\/pre>\t\t\t\t\t\t\t\t<\/div>\n\t\t\t\t<\/div>\n\t\t\t\t<\/div>\n\t\t\t\t<\/div>\n\t\t\t\t<\/div>\n\t\t<div class=\"elementor-element elementor-element-310e0d6 e-con-full e-flex e-con e-child\" data-id=\"310e0d6\" data-element_type=\"container\">\n\t\t\t\t<div class=\"elementor-element elementor-element-766132e elementor-widget elementor-widget-heading\" data-id=\"766132e\" data-element_type=\"widget\" data-widget_type=\"heading.default\">\n\t\t\t\t<div class=\"elementor-widget-container\">\n\t\t\t\t\t<h2 class=\"elementor-heading-title elementor-size-default\">Variable rate<\/h2>\t\t\t\t<\/div>\n\t\t\t\t<\/div>\n\t\t\t\t<div class=\"elementor-element elementor-element-8f99536 elementor-widget-divider--view-line elementor-widget elementor-widget-divider\" data-id=\"8f99536\" data-element_type=\"widget\" data-widget_type=\"divider.default\">\n\t\t\t\t<div class=\"elementor-widget-container\">\n\t\t\t\t\t\t\t<div class=\"elementor-divider\">\n\t\t\t<span class=\"elementor-divider-separator\">\n\t\t\t\t\t\t<\/span>\n\t\t<\/div>\n\t\t\t\t\t\t<\/div>\n\t\t\t\t<\/div>\n\t\t<div class=\"elementor-element elementor-element-b4e6c3e e-con-full e-flex e-con e-child\" data-id=\"b4e6c3e\" data-element_type=\"container\">\n\t\t\t\t<div class=\"elementor-element elementor-element-34166be elementor-widget elementor-widget-text-editor\" data-id=\"34166be\" data-element_type=\"widget\" data-widget_type=\"text-editor.default\">\n\t\t\t\t<div class=\"elementor-widget-container\">\n\t\t\t\t\t\t\t\t\t<p>Variable<\/p>\t\t\t\t\t\t\t\t<\/div>\n\t\t\t\t<\/div>\n\t\t\t\t<div class=\"elementor-element elementor-element-1496872 elementor-widget elementor-widget-text-editor\" data-id=\"1496872\" data-element_type=\"widget\" data-widget_type=\"text-editor.default\">\n\t\t\t\t<div class=\"elementor-widget-container\">\n\t\t\t\t\t\t\t\t\t<pre><strong>4%<\/strong><\/pre>\t\t\t\t\t\t\t\t<\/div>\n\t\t\t\t<\/div>\n\t\t\t\t<\/div>\n\t\t\t\t<\/div>\n\t\t\t\t<\/div>\n\t\t<div class=\"elementor-element elementor-element-911654c e-con-full e-flex e-con e-child\" data-id=\"911654c\" data-element_type=\"container\">\n\t\t\t\t<div class=\"elementor-element elementor-element-256eb74 elementor-widget elementor-widget-button\" data-id=\"256eb74\" data-element_type=\"widget\" data-widget_type=\"button.default\">\n\t\t\t\t<div class=\"elementor-widget-container\">\n\t\t\t\t\t\t\t\t\t<div class=\"elementor-button-wrapper\">\n\t\t\t\t\t<a class=\"elementor-button elementor-button-link elementor-size-sm\" href=\"https:\/\/imbeaultprets.ca\/en\/calculatrice\/\">\n\t\t\t\t\t\t<span class=\"elementor-button-content-wrapper\">\n\t\t\t\t\t\t\t\t\t<span class=\"elementor-button-text\">Our calculator &gt;<\/span>\n\t\t\t\t\t<\/span>\n\t\t\t\t\t<\/a>\n\t\t\t\t<\/div>\n\t\t\t\t\t\t\t\t<\/div>\n\t\t\t\t<\/div>\n\t\t\t\t<\/div>\n\t\t\t\t<\/div>\n\t\t\t\t\t<\/div>\n\t\t\t\t<\/div>\n\t\t\t\t<\/div>","protected":false},"excerpt":{"rendered":"<p>Nos taux du jour D\u00e9couvrez notre offre exclusive en courtage hypoth\u00e9caire gr\u00e2ce \u00e0 une visibilit\u00e9 imm\u00e9diate sur nos taux du jour. Que vous envisagiez un taux fixe ou variable, b\u00e9n\u00e9ficiez d&rsquo;une information actualis\u00e9e r\u00e9guli\u00e8rement pour optimiser vos d\u00e9cisions de financement. Notre interface intuitive vous permet de visualiser d&rsquo;un seul coup d&rsquo;\u0153il l&rsquo;ensemble des taux en [&hellip;]<\/p>","protected":false},"author":1,"featured_media":0,"parent":0,"menu_order":0,"comment_status":"closed","ping_status":"closed","template":"","meta":{"footnotes":""},"class_list":["post-62","page","type-page","status-publish","hentry"],"_links":{"self":[{"href":"https:\/\/imbeaultprets.ca\/en\/wp-json\/wp\/v2\/pages\/62","targetHints":{"allow":["GET"]}}],"collection":[{"href":"https:\/\/imbeaultprets.ca\/en\/wp-json\/wp\/v2\/pages"}],"about":[{"href":"https:\/\/imbeaultprets.ca\/en\/wp-json\/wp\/v2\/types\/page"}],"author":[{"embeddable":true,"href":"https:\/\/imbeaultprets.ca\/en\/wp-json\/wp\/v2\/users\/1"}],"replies":[{"embeddable":true,"href":"https:\/\/imbeaultprets.ca\/en\/wp-json\/wp\/v2\/comments?post=62"}],"version-history":[{"count":25,"href":"https:\/\/imbeaultprets.ca\/en\/wp-json\/wp\/v2\/pages\/62\/revisions"}],"predecessor-version":[{"id":703,"href":"https:\/\/imbeaultprets.ca\/en\/wp-json\/wp\/v2\/pages\/62\/revisions\/703"}],"wp:attachment":[{"href":"https:\/\/imbeaultprets.ca\/en\/wp-json\/wp\/v2\/media?parent=62"}],"curies":[{"name":"wp","href":"https:\/\/api.w.org\/{rel}","templated":true}]}}