{"id":400,"date":"2025-03-05T19:46:25","date_gmt":"2025-03-05T19:46:25","guid":{"rendered":"https:\/\/imbeaultprets.ca\/?page_id=400"},"modified":"2025-04-21T13:40:50","modified_gmt":"2025-04-21T13:40:50","slug":"a-propos","status":"publish","type":"page","link":"https:\/\/imbeaultprets.ca\/en\/a-propos\/","title":{"rendered":"About"},"content":{"rendered":"<div data-elementor-type=\"wp-page\" data-elementor-id=\"400\" class=\"elementor elementor-400\" data-elementor-post-type=\"page\">\n\t\t\t\t<div class=\"elementor-element elementor-element-299b42d3 e-con-full e-flex e-con e-parent\" data-id=\"299b42d3\" data-element_type=\"container\" data-settings=\"{&quot;background_background&quot;:&quot;classic&quot;}\">\n\t\t<div class=\"elementor-element elementor-element-70b16046 e-con-full e-flex e-con e-child\" data-id=\"70b16046\" data-element_type=\"container\">\n\t\t\t\t<div class=\"elementor-element elementor-element-6748bf71 elementor-widget__width-initial elementor-widget-mobile__width-inherit elementor-widget elementor-widget-image-box\" data-id=\"6748bf71\" data-element_type=\"widget\" data-widget_type=\"image-box.default\">\n\t\t\t\t<div class=\"elementor-widget-container\">\n\t\t\t\t\t<div class=\"elementor-image-box-wrapper\"><div class=\"elementor-image-box-content\"><h3 class=\"elementor-image-box-title\">Our history<\/h3><p class=\"elementor-image-box-description\">Coming from a family of entrepreneurs, we've always wanted to help our customers manage and grow their financial projects. With combined expertise in accounting, investment and private equity, the creation of Imbeault Pr\u00eats was an obvious choice. Our aim is to offer a complete and integrated approach to financing, simplifying access to the best solutions for our customers.<\/p><\/div><\/div>\t\t\t\t<\/div>\n\t\t\t\t<\/div>\n\t\t\t\t<div class=\"elementor-element elementor-element-40f682bf elementor-widget__width-initial elementor-widget-tablet__width-inherit elementor-widget-mobile__width-inherit elementor-position-top elementor-widget elementor-widget-image-box\" data-id=\"40f682bf\" data-element_type=\"widget\" data-widget_type=\"image-box.default\">\n\t\t\t\t<div class=\"elementor-widget-container\">\n\t\t\t\t\t<div class=\"elementor-image-box-wrapper\"><figure class=\"elementor-image-box-img\"><img fetchpriority=\"high\" decoding=\"async\" width=\"1080\" height=\"1616\" src=\"https:\/\/imbeaultprets.ca\/wp-content\/uploads\/2025\/03\/DSC7686-Background-Removed-1.png\" class=\"attachment-full size-full wp-image-545\" alt=\"\" srcset=\"https:\/\/imbeaultprets.ca\/wp-content\/uploads\/2025\/03\/DSC7686-Background-Removed-1.png 1080w, https:\/\/imbeaultprets.ca\/wp-content\/uploads\/2025\/03\/DSC7686-Background-Removed-1-200x300.png 200w, https:\/\/imbeaultprets.ca\/wp-content\/uploads\/2025\/03\/DSC7686-Background-Removed-1-684x1024.png 684w, https:\/\/imbeaultprets.ca\/wp-content\/uploads\/2025\/03\/DSC7686-Background-Removed-1-768x1149.png 768w, https:\/\/imbeaultprets.ca\/wp-content\/uploads\/2025\/03\/DSC7686-Background-Removed-1-1027x1536.png 1027w, https:\/\/imbeaultprets.ca\/wp-content\/uploads\/2025\/03\/DSC7686-Background-Removed-1-8x12.png 8w\" sizes=\"(max-width: 1080px) 100vw, 1080px\" \/><\/figure><\/div>\t\t\t\t<\/div>\n\t\t\t\t<\/div>\n\t\t\t\t<\/div>\n\t\t<div class=\"elementor-element elementor-element-1d5bee76 e-con-full e-flex e-con e-child\" data-id=\"1d5bee76\" data-element_type=\"container\">\n\t\t\t\t<div class=\"elementor-element elementor-element-08afcec elementor-widget__width-initial elementor-widget-mobile__width-inherit elementor-widget elementor-widget-image-box\" data-id=\"08afcec\" data-element_type=\"widget\" data-widget_type=\"image-box.default\">\n\t\t\t\t<div class=\"elementor-widget-container\">\n\t\t\t\t\t<div class=\"elementor-image-box-wrapper\"><div class=\"elementor-image-box-content\"><h3 class=\"elementor-image-box-title\">Our mission<\/h3><p class=\"elementor-image-box-description\">At Imbeault Pr\u00eats, we are committed to providing tailored support to meet your financing needs, whether for a personal, professional, or investment project. We believe in a human, transparent, and efficient approach to help you move forward with confidence.<\/p><\/div><\/div>\t\t\t\t<\/div>\n\t\t\t\t<\/div>\n\t\t\t\t<div class=\"elementor-element elementor-element-24d911b7 elementor-widget__width-initial elementor-widget-tablet__width-inherit elementor-widget-mobile__width-inherit elementor-widget elementor-widget-image\" data-id=\"24d911b7\" data-element_type=\"widget\" data-widget_type=\"image.default\">\n\t\t\t\t<div class=\"elementor-widget-container\">\n\t\t\t\t\t\t\t\t\t\t\t\t\t\t\t<img decoding=\"async\" width=\"800\" height=\"600\" src=\"https:\/\/imbeaultprets.ca\/wp-content\/uploads\/2025\/03\/120-rue-emissaire81-1024x768.jpg\" class=\"attachment-large size-large wp-image-425\" alt=\"\" srcset=\"https:\/\/imbeaultprets.ca\/wp-content\/uploads\/2025\/03\/120-rue-emissaire81-1024x768.jpg 1024w, https:\/\/imbeaultprets.ca\/wp-content\/uploads\/2025\/03\/120-rue-emissaire81-300x225.jpg 300w, https:\/\/imbeaultprets.ca\/wp-content\/uploads\/2025\/03\/120-rue-emissaire81-768x576.jpg 768w, https:\/\/imbeaultprets.ca\/wp-content\/uploads\/2025\/03\/120-rue-emissaire81-16x12.jpg 16w, https:\/\/imbeaultprets.ca\/wp-content\/uploads\/2025\/03\/120-rue-emissaire81.jpg 1260w\" sizes=\"(max-width: 800px) 100vw, 800px\" \/>\t\t\t\t\t\t\t\t\t\t\t\t\t\t\t<\/div>\n\t\t\t\t<\/div>\n\t\t\t\t<\/div>\n\t\t\t\t<\/div>\n\t\t<div class=\"elementor-element elementor-element-31bd1494 e-flex e-con-boxed e-con e-parent\" data-id=\"31bd1494\" data-element_type=\"container\" data-settings=\"{&quot;background_background&quot;:&quot;classic&quot;}\">\n\t\t\t\t\t<div class=\"e-con-inner\">\n\t\t<div class=\"elementor-element elementor-element-391446ed e-flex e-con-boxed e-con e-child\" data-id=\"391446ed\" data-element_type=\"container\">\n\t\t\t\t\t<div class=\"e-con-inner\">\n\t\t\t\t<div class=\"elementor-element elementor-element-57cc3f84 elementor-widget elementor-widget-heading\" data-id=\"57cc3f84\" data-element_type=\"widget\" data-widget_type=\"heading.default\">\n\t\t\t\t<div class=\"elementor-widget-container\">\n\t\t\t\t\t<h2 class=\"elementor-heading-title elementor-size-default\">Unlock your financial potential and turn your plans into reality<\/h2>\t\t\t\t<\/div>\n\t\t\t\t<\/div>\n\t\t\t\t<div class=\"elementor-element elementor-element-5316ae39 elementor-widget elementor-widget-text-editor\" data-id=\"5316ae39\" data-element_type=\"widget\" data-widget_type=\"text-editor.default\">\n\t\t\t\t<div class=\"elementor-widget-container\">\n\t\t\t\t\t\t\t\t\t<p>At <strong>Imbeault Pr\u00eats<\/strong>, we know that every project is unique and deserves a financing solution tailored to its needs. Whether you're an individual, an investor or an entrepreneur, we're with you every step of the way to help you realize your ambitions.<\/p><p>With our in-depth expertise and extensive network of banking and private partners, we find tailored solutions that meet your specific needs. We favour a human, transparent and efficient approach, doing our utmost to simplify your access to financing and offer you the best possible terms and conditions.<\/p><p>Move forward confidently toward your financial goals with personalized support and service that meets your expectations.<\/p>\t\t\t\t\t\t\t\t<\/div>\n\t\t\t\t<\/div>\n\t\t\t\t\t<\/div>\n\t\t\t\t<\/div>\n\t\t\t\t\t<\/div>\n\t\t\t\t<\/div>\n\t\t<div class=\"elementor-element elementor-element-43efd1f e-flex e-con-boxed e-con e-parent\" data-id=\"43efd1f\" data-element_type=\"container\" data-settings=\"{&quot;background_background&quot;:&quot;classic&quot;}\">\n\t\t\t\t\t<div class=\"e-con-inner\">\n\t\t<div class=\"elementor-element elementor-element-4f486e77 e-con-full e-flex e-con e-child\" data-id=\"4f486e77\" data-element_type=\"container\">\n\t\t\t\t<div class=\"elementor-element elementor-element-2311ca5e elementor-widget-tablet__width-initial elementor-widget-mobile__width-inherit elementor-widget__width-initial elementor-widget elementor-widget-icon-box\" data-id=\"2311ca5e\" data-element_type=\"widget\" data-widget_type=\"icon-box.default\">\n\t\t\t\t<div class=\"elementor-widget-container\">\n\t\t\t\t\t\t\t<div class=\"elementor-icon-box-wrapper\">\n\n\t\t\t\n\t\t\t\t\t\t<div class=\"elementor-icon-box-content\">\n\n\t\t\t\t\t\t\t\t\t<h3 class=\"elementor-icon-box-title\">\n\t\t\t\t\t\t<span  >\n\t\t\t\t\t\t\tTransparency\t\t\t\t\t\t<\/span>\n\t\t\t\t\t<\/h3>\n\t\t\t\t\n\t\t\t\t\t\t\t\t\t<p class=\"elementor-icon-box-description\">\n\t\t\t\t\t\tWe explain every detail of your financing with clarity, without surprises or hidden costs.\t\t\t\t\t<\/p>\n\t\t\t\t\n\t\t\t<\/div>\n\t\t\t\n\t\t<\/div>\n\t\t\t\t\t\t<\/div>\n\t\t\t\t<\/div>\n\t\t\t\t<div class=\"elementor-element elementor-element-507d8b3 elementor-widget-tablet__width-initial elementor-widget-mobile__width-inherit elementor-widget__width-initial elementor-widget elementor-widget-icon-box\" data-id=\"507d8b3\" data-element_type=\"widget\" data-widget_type=\"icon-box.default\">\n\t\t\t\t<div class=\"elementor-widget-container\">\n\t\t\t\t\t\t\t<div class=\"elementor-icon-box-wrapper\">\n\n\t\t\t\n\t\t\t\t\t\t<div class=\"elementor-icon-box-content\">\n\n\t\t\t\t\t\t\t\t\t<h3 class=\"elementor-icon-box-title\">\n\t\t\t\t\t\t<span  >\n\t\t\t\t\t\t\tSupport \t\t\t\t\t\t<\/span>\n\t\t\t\t\t<\/h3>\n\t\t\t\t\n\t\t\t\t\t\t\t\t\t<p class=\"elementor-icon-box-description\">\n\t\t\t\t\t\tEvery customer is unique. We take the time to understand your needs and guide you every step of the way.\t\t\t\t\t<\/p>\n\t\t\t\t\n\t\t\t<\/div>\n\t\t\t\n\t\t<\/div>\n\t\t\t\t\t\t<\/div>\n\t\t\t\t<\/div>\n\t\t\t\t<div class=\"elementor-element elementor-element-2d1e2d06 elementor-widget-tablet__width-initial elementor-widget-mobile__width-inherit elementor-widget__width-initial elementor-widget elementor-widget-icon-box\" data-id=\"2d1e2d06\" data-element_type=\"widget\" data-widget_type=\"icon-box.default\">\n\t\t\t\t<div class=\"elementor-widget-container\">\n\t\t\t\t\t\t\t<div class=\"elementor-icon-box-wrapper\">\n\n\t\t\t\n\t\t\t\t\t\t<div class=\"elementor-icon-box-content\">\n\n\t\t\t\t\t\t\t\t\t<h3 class=\"elementor-icon-box-title\">\n\t\t\t\t\t\t<span  >\n\t\t\t\t\t\t\t Performance\t\t\t\t\t\t<\/span>\n\t\t\t\t\t<\/h3>\n\t\t\t\t\n\t\t\t\t\t\t\t\t\t<p class=\"elementor-icon-box-description\">\n\t\t\t\t\t\tWe negotiate the best terms and conditions to ensure that your financing is optimized and advantageous.\t\t\t\t\t<\/p>\n\t\t\t\t\n\t\t\t<\/div>\n\t\t\t\n\t\t<\/div>\n\t\t\t\t\t\t<\/div>\n\t\t\t\t<\/div>\n\t\t\t\t<div class=\"elementor-element elementor-element-7a70fa7f elementor-widget-tablet__width-initial elementor-widget-mobile__width-inherit elementor-widget__width-initial elementor-widget elementor-widget-icon-box\" data-id=\"7a70fa7f\" data-element_type=\"widget\" data-widget_type=\"icon-box.default\">\n\t\t\t\t<div class=\"elementor-widget-container\">\n\t\t\t\t\t\t\t<div class=\"elementor-icon-box-wrapper\">\n\n\t\t\t\n\t\t\t\t\t\t<div class=\"elementor-icon-box-content\">\n\n\t\t\t\t\t\t\t\t\t<h3 class=\"elementor-icon-box-title\">\n\t\t\t\t\t\t<span  >\n\t\t\t\t\t\t\tFlexibility\t\t\t\t\t\t<\/span>\n\t\t\t\t\t<\/h3>\n\t\t\t\t\n\t\t\t\t\t\t\t\t\t<p class=\"elementor-icon-box-description\">\n\t\t\t\t\t\tThanks to our network of banking and private partners, we can find the right solution for every situation.\t\t\t\t\t<\/p>\n\t\t\t\t\n\t\t\t<\/div>\n\t\t\t\n\t\t<\/div>\n\t\t\t\t\t\t<\/div>\n\t\t\t\t<\/div>\n\t\t\t\t<\/div>\n\t\t\t\t\t<\/div>\n\t\t\t\t<\/div>\n\t\t\t\t<\/div>","protected":false},"excerpt":{"rendered":"<p>Notre histoire Issu d\u2019une famille d\u2019entrepreneurs, nous avons toujours eu la volont\u00e9 d\u2019accompagner nos clients dans la gestion et la croissance de leurs projets financiers. Avec une expertise combin\u00e9e en comptabilit\u00e9, en investissement et en private equity, la cr\u00e9ation d\u2019Imbeault Pr\u00eats \u00e9tait une \u00e9vidence. Notre objectif est de proposer une approche compl\u00e8te et int\u00e9gr\u00e9e du [&hellip;]<\/p>","protected":false},"author":1,"featured_media":0,"parent":0,"menu_order":0,"comment_status":"closed","ping_status":"closed","template":"","meta":{"footnotes":""},"class_list":["post-400","page","type-page","status-publish","hentry"],"_links":{"self":[{"href":"https:\/\/imbeaultprets.ca\/en\/wp-json\/wp\/v2\/pages\/400","targetHints":{"allow":["GET"]}}],"collection":[{"href":"https:\/\/imbeaultprets.ca\/en\/wp-json\/wp\/v2\/pages"}],"about":[{"href":"https:\/\/imbeaultprets.ca\/en\/wp-json\/wp\/v2\/types\/page"}],"author":[{"embeddable":true,"href":"https:\/\/imbeaultprets.ca\/en\/wp-json\/wp\/v2\/users\/1"}],"replies":[{"embeddable":true,"href":"https:\/\/imbeaultprets.ca\/en\/wp-json\/wp\/v2\/comments?post=400"}],"version-history":[{"count":25,"href":"https:\/\/imbeaultprets.ca\/en\/wp-json\/wp\/v2\/pages\/400\/revisions"}],"predecessor-version":[{"id":700,"href":"https:\/\/imbeaultprets.ca\/en\/wp-json\/wp\/v2\/pages\/400\/revisions\/700"}],"wp:attachment":[{"href":"https:\/\/imbeaultprets.ca\/en\/wp-json\/wp\/v2\/media?parent=400"}],"curies":[{"name":"wp","href":"https:\/\/api.w.org\/{rel}","templated":true}]}}