{"id":152,"date":"2025-02-13T16:18:39","date_gmt":"2025-02-13T16:18:39","guid":{"rendered":"https:\/\/imbeaultprets.ca\/?page_id=152"},"modified":"2025-04-04T18:15:10","modified_gmt":"2025-04-04T18:15:10","slug":"financement-pour-lacquisition-dentreprise","status":"publish","type":"page","link":"https:\/\/imbeaultprets.ca\/en\/financement-pour-lacquisition-dentreprise\/","title":{"rendered":"Financing for business acquisition"},"content":{"rendered":"<div data-elementor-type=\"wp-page\" data-elementor-id=\"152\" class=\"elementor elementor-152\" data-elementor-post-type=\"page\">\n\t\t\t\t<div class=\"elementor-element elementor-element-bce7b02 e-con-full e-flex e-con e-parent\" data-id=\"bce7b02\" data-element_type=\"container\" data-settings=\"{&quot;background_background&quot;:&quot;classic&quot;}\">\n\t\t<div class=\"elementor-element elementor-element-653b93e e-con-full e-flex e-con e-child\" data-id=\"653b93e\" data-element_type=\"container\" data-settings=\"{&quot;background_background&quot;:&quot;classic&quot;}\">\n\t\t\t\t<\/div>\n\t\t<div class=\"elementor-element elementor-element-f8a83a4 e-con-full e-flex e-con e-child\" data-id=\"f8a83a4\" data-element_type=\"container\">\n\t\t<div class=\"elementor-element elementor-element-13815f1 e-con-full e-flex e-con e-child\" data-id=\"13815f1\" data-element_type=\"container\">\n\t\t\t\t<div class=\"elementor-element elementor-element-37abc5b elementor-widget elementor-widget-heading\" data-id=\"37abc5b\" data-element_type=\"widget\" data-widget_type=\"heading.default\">\n\t\t\t\t<div class=\"elementor-widget-container\">\n\t\t\t\t\t<h2 class=\"elementor-heading-title elementor-size-default\">Financing for business acquisition<\/h2>\t\t\t\t<\/div>\n\t\t\t\t<\/div>\n\t\t\t\t<div class=\"elementor-element elementor-element-0f5bb25 elementor-widget elementor-widget-text-editor\" data-id=\"0f5bb25\" data-element_type=\"widget\" data-widget_type=\"text-editor.default\">\n\t\t\t\t<div class=\"elementor-widget-container\">\n\t\t\t\t\t\t\t\t\t<p data-start=\"192\" data-end=\"262\"><strong data-start=\"192\" data-end=\"260\">Make your entrepreneurial project a reality with the right financing<\/strong><\/p><p data-start=\"264\" data-end=\"495\">Acquiring a business is <strong data-start=\"296\" data-end=\"323\">a strategic opportunity<\/strong>, but requires <strong data-start=\"343\" data-end=\"371\">a solid financial package<\/strong>. At <strong data-start=\"378\" data-end=\"396\">Imbeault Pr\u00eats<\/strong>, we structure your financing to ease the transition and maximize your profitability.<\/p>\t\t\t\t\t\t\t\t<\/div>\n\t\t\t\t<\/div>\n\t\t\t\t<\/div>\n\t\t<div class=\"elementor-element elementor-element-9965174 e-con-full e-flex e-con e-child\" data-id=\"9965174\" data-element_type=\"container\">\n\t\t\t\t<div class=\"elementor-element elementor-element-7685c1c elementor-tablet-align-justify elementor-mobile-align-justify elementor-widget-tablet__width-inherit elementor-align-justify elementor-widget__width-initial elementor-widget elementor-widget-button\" data-id=\"7685c1c\" data-element_type=\"widget\" data-widget_type=\"button.default\">\n\t\t\t\t<div class=\"elementor-widget-container\">\n\t\t\t\t\t\t\t\t\t<div class=\"elementor-button-wrapper\">\n\t\t\t\t\t<a class=\"elementor-button elementor-button-link elementor-size-lg\" href=\"https:\/\/imbeaultprets.ca\/en\/contact\/\">\n\t\t\t\t\t\t<span class=\"elementor-button-content-wrapper\">\n\t\t\t\t\t\t\t\t\t<span class=\"elementor-button-text\">Request more information &gt;<\/span>\n\t\t\t\t\t<\/span>\n\t\t\t\t\t<\/a>\n\t\t\t\t<\/div>\n\t\t\t\t\t\t\t\t<\/div>\n\t\t\t\t<\/div>\n\t\t\t\t<\/div>\n\t\t\t\t<\/div>\n\t\t<div class=\"elementor-element elementor-element-88d079a e-con-full e-flex e-con e-child\" data-id=\"88d079a\" data-element_type=\"container\" data-settings=\"{&quot;background_background&quot;:&quot;classic&quot;}\">\n\t\t\t\t<\/div>\n\t\t\t\t<\/div>\n\t\t<div class=\"elementor-element elementor-element-d766704 e-flex e-con-boxed e-con e-parent\" data-id=\"d766704\" data-element_type=\"container\" data-settings=\"{&quot;background_background&quot;:&quot;classic&quot;}\">\n\t\t\t\t\t<div class=\"e-con-inner\">\n\t\t\t\t<div class=\"elementor-element elementor-element-65d3d47 elementor-widget elementor-widget-heading\" data-id=\"65d3d47\" data-element_type=\"widget\" data-widget_type=\"heading.default\">\n\t\t\t\t<div class=\"elementor-widget-container\">\n\t\t\t\t\t<h1 class=\"elementor-heading-title elementor-size-default\">Our services<\/h1>\t\t\t\t<\/div>\n\t\t\t\t<\/div>\n\t\t<div class=\"elementor-element elementor-element-cd65c4f e-con-full e-flex e-con e-child\" data-id=\"cd65c4f\" data-element_type=\"container\" data-settings=\"{&quot;background_background&quot;:&quot;classic&quot;}\">\n\t\t<div class=\"elementor-element elementor-element-3147653 e-con-full e-flex e-con e-child\" data-id=\"3147653\" data-element_type=\"container\" data-settings=\"{&quot;background_background&quot;:&quot;classic&quot;}\">\n\t\t\t\t<div class=\"elementor-element elementor-element-74644a1 elementor-widget elementor-widget-heading\" data-id=\"74644a1\" data-element_type=\"widget\" data-widget_type=\"heading.default\">\n\t\t\t\t<div class=\"elementor-widget-container\">\n\t\t\t\t\t<h3 class=\"elementor-heading-title elementor-size-default\">Expertise &amp; Networking<\/h3>\t\t\t\t<\/div>\n\t\t\t\t<\/div>\n\t\t\t\t<div class=\"elementor-element elementor-element-be1fa04 elementor-widget elementor-widget-text-editor\" data-id=\"be1fa04\" data-element_type=\"widget\" data-widget_type=\"text-editor.default\">\n\t\t\t\t<div class=\"elementor-widget-container\">\n\t\t\t\t\t\t\t\t\t<p>We work with <strong data-start=\"945\" data-end=\"973\">a vast network of lenders<\/strong> to offer you competitive solutions tailored to your project.<\/p>\t\t\t\t\t\t\t\t<\/div>\n\t\t\t\t<\/div>\n\t\t\t\t<\/div>\n\t\t<div class=\"elementor-element elementor-element-803b309 e-con-full e-flex e-con e-child\" data-id=\"803b309\" data-element_type=\"container\" data-settings=\"{&quot;background_background&quot;:&quot;classic&quot;}\">\n\t\t\t\t<div class=\"elementor-element elementor-element-83badb7 elementor-widget elementor-widget-heading\" data-id=\"83badb7\" data-element_type=\"widget\" data-widget_type=\"heading.default\">\n\t\t\t\t<div class=\"elementor-widget-container\">\n\t\t\t\t\t<h3 class=\"elementor-heading-title elementor-size-default\">Tailored financing<\/h3>\t\t\t\t<\/div>\n\t\t\t\t<\/div>\n\t\t\t\t<div class=\"elementor-element elementor-element-e69199c elementor-widget elementor-widget-text-editor\" data-id=\"e69199c\" data-element_type=\"widget\" data-widget_type=\"text-editor.default\">\n\t\t\t\t<div class=\"elementor-widget-container\">\n\t\t\t\t\t\t\t\t\t<p>Every company is unique. We design <strong data-start=\"1131\" data-end=\"1153\">solutions tailored<\/strong> to your industry and your specific needs.<\/p>\t\t\t\t\t\t\t\t<\/div>\n\t\t\t\t<\/div>\n\t\t\t\t<\/div>\n\t\t<div class=\"elementor-element elementor-element-ff53a33 e-con-full e-flex e-con e-child\" data-id=\"ff53a33\" data-element_type=\"container\" data-settings=\"{&quot;background_background&quot;:&quot;classic&quot;}\">\n\t\t\t\t<div class=\"elementor-element elementor-element-4f6eeaa elementor-widget elementor-widget-heading\" data-id=\"4f6eeaa\" data-element_type=\"widget\" data-widget_type=\"heading.default\">\n\t\t\t\t<div class=\"elementor-widget-container\">\n\t\t\t\t\t<h3 class=\"elementor-heading-title elementor-size-default\">Personalized support<\/h3>\t\t\t\t<\/div>\n\t\t\t\t<\/div>\n\t\t\t\t<div class=\"elementor-element elementor-element-9da3a65 elementor-widget elementor-widget-text-editor\" data-id=\"9da3a65\" data-element_type=\"widget\" data-widget_type=\"text-editor.default\">\n\t\t\t\t<div class=\"elementor-widget-container\">\n\t\t\t\t\t\t\t\t\t<p>We guide you every step of the way, <strong data-start=\"1286\" data-end=\"1331\">from analysis to financing<\/strong>.<\/p>\t\t\t\t\t\t\t\t<\/div>\n\t\t\t\t<\/div>\n\t\t\t\t<\/div>\n\t\t\t\t<\/div>\n\t\t\t\t\t<\/div>\n\t\t\t\t<\/div>\n\t\t<div class=\"elementor-element elementor-element-380698c e-con-full e-flex e-con e-parent\" data-id=\"380698c\" data-element_type=\"container\" data-settings=\"{&quot;background_background&quot;:&quot;classic&quot;}\">\n\t\t<div class=\"elementor-element elementor-element-5756748 e-con-full e-flex e-con e-child\" data-id=\"5756748\" data-element_type=\"container\">\n\t\t\t\t<div class=\"elementor-element elementor-element-b22be1b elementor-widget__width-initial elementor-widget-mobile__width-inherit elementor-widget elementor-widget-heading\" data-id=\"b22be1b\" data-element_type=\"widget\" data-widget_type=\"heading.default\">\n\t\t\t\t<div class=\"elementor-widget-container\">\n\t\t\t\t\t<h3 class=\"elementor-heading-title elementor-size-default\">List of documents required for business acquisition financing<\/h3>\t\t\t\t<\/div>\n\t\t\t\t<\/div>\n\t\t\t\t<div class=\"elementor-element elementor-element-0a6b79d elementor-widget__width-initial elementor-widget-mobile__width-inherit elementor-widget elementor-widget-text-editor\" data-id=\"0a6b79d\" data-element_type=\"widget\" data-widget_type=\"text-editor.default\">\n\t\t\t\t<div class=\"elementor-widget-container\">\n\t\t\t\t\t\t\t\t\t<p>1. Administrative documents<\/p><ul><li>Signed copy of the letter of intent \u00ab\u00a0LOI\u00a0\u00bb<\/li><li>If available, copy of the Confidential Information Memorandum \u00ab\u00a0CIM\u00a0\u00bb<\/li><\/ul><p>2. Financial documents<\/p><ul><li>Three years of financial statements<\/li><li>Latest interim financial statements in comparative format versus previous year<\/li><li>Most recent list of accounts receivable, payable and inventory, if applicable, as well as top 10 most important customers and suppliers<\/li><\/ul><p>3. Asset-related documents<\/p><ul><li>If available, any market appraisal reports for equipment and buildings owned by the company<\/li><li>If available, budget \/ financial projections for current year, including capex investment plan<\/li><\/ul><hr \/><p><strong>Note<\/strong> : This list is indicative and may vary according to the requirements of the financial institution.<\/p>\t\t\t\t\t\t\t\t<\/div>\n\t\t\t\t<\/div>\n\t\t\t\t<\/div>\n\t\t<div class=\"elementor-element elementor-element-da7a1ec e-con-full e-flex e-con e-child\" data-id=\"da7a1ec\" data-element_type=\"container\">\n\t\t\t\t<div class=\"elementor-element elementor-element-5eca811 elementor-widget__width-initial elementor-widget-mobile__width-inherit elementor-widget elementor-widget-heading\" data-id=\"5eca811\" data-element_type=\"widget\" data-widget_type=\"heading.default\">\n\t\t\t\t<div class=\"elementor-widget-container\">\n\t\t\t\t\t<h3 class=\"elementor-heading-title elementor-size-default\">How much do our services cost?\n<\/h3>\t\t\t\t<\/div>\n\t\t\t\t<\/div>\n\t\t\t\t<div class=\"elementor-element elementor-element-c06cfc8 elementor-widget__width-initial elementor-widget-mobile__width-inherit elementor-widget elementor-widget-text-editor\" data-id=\"c06cfc8\" data-element_type=\"widget\" data-widget_type=\"text-editor.default\">\n\t\t\t\t<div class=\"elementor-widget-container\">\n\t\t\t\t\t\t\t\t\t<p data-start=\"2214\" data-end=\"2408\">The cost of financing varies according to <strong data-start=\"2251\" data-end=\"2312\">the amount, type of loan and your financial situation<\/strong>. Our experts will provide you with a personalized analysis to offer you the best solution.<\/p><p data-start=\"2410\" data-end=\"2455\"><strong data-start=\"2413\" data-end=\"2453\">Total transparency, no surprises!<\/strong><\/p>\t\t\t\t\t\t\t\t<\/div>\n\t\t\t\t<\/div>\n\t\t\t\t<\/div>\n\t\t<div class=\"elementor-element elementor-element-5f307f8 e-con-full e-flex e-con e-child\" data-id=\"5f307f8\" data-element_type=\"container\">\n\t\t\t\t<div class=\"elementor-element elementor-element-6ce103e elementor-widget__width-initial elementor-widget-mobile__width-inherit elementor-widget elementor-widget-heading\" data-id=\"6ce103e\" data-element_type=\"widget\" data-widget_type=\"heading.default\">\n\t\t\t\t<div class=\"elementor-widget-container\">\n\t\t\t\t\t<h3 class=\"elementor-heading-title elementor-size-default\">What sectors are we supporting?<\/h3>\t\t\t\t<\/div>\n\t\t\t\t<\/div>\n\t\t\t\t<div class=\"elementor-element elementor-element-2dcba23 elementor-widget__width-initial elementor-widget-mobile__width-inherit elementor-widget elementor-widget-text-editor\" data-id=\"2dcba23\" data-element_type=\"widget\" data-widget_type=\"text-editor.default\">\n\t\t\t\t<div class=\"elementor-widget-container\">\n\t\t\t\t\t\t\t\t\t<p data-start=\"2556\" data-end=\"2749\">We work with companies in a variety of sectors, including :<br data-start=\"2625\" data-end=\"2628\" \/>Real estate &amp; construction<br data-start=\"2656\" data-end=\"2659\" \/>Trade &amp; Distribution<br data-start=\"2685\" data-end=\"2688\" \/>Industry &amp; Manufacturing<br data-start=\"2716\" data-end=\"2719\" \/>Technology &amp; Innovation<\/p><p data-start=\"2751\" data-end=\"2806\"><strong data-start=\"2754\" data-end=\"2804\">Got a project? We've got the solution.<\/strong><\/p>\t\t\t\t\t\t\t\t<\/div>\n\t\t\t\t<\/div>\n\t\t\t\t<\/div>\n\t\t<div class=\"elementor-element elementor-element-100a2ca e-con-full e-flex e-con e-child\" data-id=\"100a2ca\" data-element_type=\"container\">\n\t\t\t\t<div class=\"elementor-element elementor-element-bb1c610 elementor-widget__width-initial elementor-widget-mobile__width-inherit elementor-widget elementor-widget-heading\" data-id=\"bb1c610\" data-element_type=\"widget\" data-widget_type=\"heading.default\">\n\t\t\t\t<div class=\"elementor-widget-container\">\n\t\t\t\t\t<h3 class=\"elementor-heading-title elementor-size-default\">What is our expertise?<\/h3>\t\t\t\t<\/div>\n\t\t\t\t<\/div>\n\t\t\t\t<div class=\"elementor-element elementor-element-b0fd8a3 elementor-widget__width-initial elementor-widget-mobile__width-inherit elementor-widget elementor-widget-text-editor\" data-id=\"b0fd8a3\" data-element_type=\"widget\" data-widget_type=\"text-editor.default\">\n\t\t\t\t<div class=\"elementor-widget-container\">\n\t\t\t\t\t\t\t\t\t<p data-start=\"2881\" data-end=\"3013\">With <strong data-start=\"2890\" data-end=\"2923\">many years' experience<\/strong> in financing, we have helped hundreds of entrepreneurs realize their projects.<\/p><p data-start=\"3015\" data-end=\"3175\"><strong data-start=\"3018\" data-end=\"3064\">A strong network of financial partners<\/strong><br data-start=\"3064\" data-end=\"3067\" \/><strong data-start=\"3070\" data-end=\"3125\">Solutions for every company profile<\/strong><br data-start=\"3125\" data-end=\"3128\" \/><strong data-start=\"3131\" data-end=\"3173\">Strategic support from A to Z<\/strong><\/p><p data-start=\"3177\" data-end=\"3220\"><strong data-start=\"3180\" data-end=\"3218\">Your success is our priority.<\/strong><\/p>\t\t\t\t\t\t\t\t<\/div>\n\t\t\t\t<\/div>\n\t\t\t\t<\/div>\n\t\t\t\t<\/div>\n\t\t\t\t<\/div>","protected":false},"excerpt":{"rendered":"<p>Financement pour l&rsquo;acquisition d&rsquo;entreprise R\u00e9alisez votre projet entrepreneurial avec un financement adapt\u00e9 Acqu\u00e9rir une entreprise est une opportunit\u00e9 strat\u00e9gique, mais n\u00e9cessite un montage financier solide. Chez Imbeault Pr\u00eats, nous structurons votre financement pour faciliter la transition et maximiser votre rentabilit\u00e9. Demander plus d&rsquo;information &gt; Nos services Expertise &amp; R\u00e9seau Nous travaillons avec un vaste r\u00e9seau [&hellip;]<\/p>","protected":false},"author":1,"featured_media":0,"parent":0,"menu_order":0,"comment_status":"closed","ping_status":"closed","template":"","meta":{"footnotes":""},"class_list":["post-152","page","type-page","status-publish","hentry"],"_links":{"self":[{"href":"https:\/\/imbeaultprets.ca\/en\/wp-json\/wp\/v2\/pages\/152","targetHints":{"allow":["GET"]}}],"collection":[{"href":"https:\/\/imbeaultprets.ca\/en\/wp-json\/wp\/v2\/pages"}],"about":[{"href":"https:\/\/imbeaultprets.ca\/en\/wp-json\/wp\/v2\/types\/page"}],"author":[{"embeddable":true,"href":"https:\/\/imbeaultprets.ca\/en\/wp-json\/wp\/v2\/users\/1"}],"replies":[{"embeddable":true,"href":"https:\/\/imbeaultprets.ca\/en\/wp-json\/wp\/v2\/comments?post=152"}],"version-history":[{"count":25,"href":"https:\/\/imbeaultprets.ca\/en\/wp-json\/wp\/v2\/pages\/152\/revisions"}],"predecessor-version":[{"id":696,"href":"https:\/\/imbeaultprets.ca\/en\/wp-json\/wp\/v2\/pages\/152\/revisions\/696"}],"wp:attachment":[{"href":"https:\/\/imbeaultprets.ca\/en\/wp-json\/wp\/v2\/media?parent=152"}],"curies":[{"name":"wp","href":"https:\/\/api.w.org\/{rel}","templated":true}]}}