{"id":132,"date":"2025-02-13T16:16:47","date_gmt":"2025-02-13T16:16:47","guid":{"rendered":"https:\/\/imbeaultprets.ca\/?page_id=132"},"modified":"2025-04-04T18:14:37","modified_gmt":"2025-04-04T18:14:37","slug":"financement-dequipement","status":"publish","type":"page","link":"https:\/\/imbeaultprets.ca\/en\/financement-dequipement\/","title":{"rendered":"Equipment financing"},"content":{"rendered":"<div data-elementor-type=\"wp-page\" data-elementor-id=\"132\" class=\"elementor elementor-132\" data-elementor-post-type=\"page\">\n\t\t\t\t<div class=\"elementor-element elementor-element-75c0bd0 e-con-full e-flex e-con e-parent\" data-id=\"75c0bd0\" data-element_type=\"container\" data-settings=\"{&quot;background_background&quot;:&quot;classic&quot;}\">\n\t\t<div class=\"elementor-element elementor-element-d1d4429 e-con-full e-flex e-con e-child\" data-id=\"d1d4429\" data-element_type=\"container\" data-settings=\"{&quot;background_background&quot;:&quot;classic&quot;}\">\n\t\t\t\t<\/div>\n\t\t<div class=\"elementor-element elementor-element-34ad552 e-con-full e-flex e-con e-child\" data-id=\"34ad552\" data-element_type=\"container\">\n\t\t<div class=\"elementor-element elementor-element-7e57633 e-con-full e-flex e-con e-child\" data-id=\"7e57633\" data-element_type=\"container\">\n\t\t\t\t<div class=\"elementor-element elementor-element-2b211cc elementor-widget elementor-widget-heading\" data-id=\"2b211cc\" data-element_type=\"widget\" data-widget_type=\"heading.default\">\n\t\t\t\t<div class=\"elementor-widget-container\">\n\t\t\t\t\t<h2 class=\"elementor-heading-title elementor-size-default\">Equipment financing<\/h2>\t\t\t\t<\/div>\n\t\t\t\t<\/div>\n\t\t\t\t<div class=\"elementor-element elementor-element-7b662e5 elementor-widget elementor-widget-text-editor\" data-id=\"7b662e5\" data-element_type=\"widget\" data-widget_type=\"text-editor.default\">\n\t\t\t\t<div class=\"elementor-widget-container\">\n\t\t\t\t\t\t\t\t\t<p>Whether you need to purchase machinery, vehicles, computer hardware or other specialized equipment, Imbeault Pr\u00eats can help you with customized financing solutions. Our goal is to help you preserve your cash flow while providing you with access to the equipment you need to run your business.<\/p>\t\t\t\t\t\t\t\t<\/div>\n\t\t\t\t<\/div>\n\t\t\t\t<\/div>\n\t\t<div class=\"elementor-element elementor-element-ebb4837 e-con-full e-flex e-con e-child\" data-id=\"ebb4837\" data-element_type=\"container\">\n\t\t\t\t<div class=\"elementor-element elementor-element-760d09c elementor-tablet-align-justify elementor-mobile-align-justify elementor-widget-tablet__width-inherit elementor-align-justify elementor-widget__width-initial elementor-widget elementor-widget-button\" data-id=\"760d09c\" data-element_type=\"widget\" data-widget_type=\"button.default\">\n\t\t\t\t<div class=\"elementor-widget-container\">\n\t\t\t\t\t\t\t\t\t<div class=\"elementor-button-wrapper\">\n\t\t\t\t\t<a class=\"elementor-button elementor-button-link elementor-size-lg\" href=\"https:\/\/imbeaultprets.ca\/en\/contact\/\">\n\t\t\t\t\t\t<span class=\"elementor-button-content-wrapper\">\n\t\t\t\t\t\t\t\t\t<span class=\"elementor-button-text\">Request more information &gt;<\/span>\n\t\t\t\t\t<\/span>\n\t\t\t\t\t<\/a>\n\t\t\t\t<\/div>\n\t\t\t\t\t\t\t\t<\/div>\n\t\t\t\t<\/div>\n\t\t\t\t<\/div>\n\t\t\t\t<\/div>\n\t\t<div class=\"elementor-element elementor-element-ec88bce e-con-full e-flex e-con e-child\" data-id=\"ec88bce\" data-element_type=\"container\" data-settings=\"{&quot;background_background&quot;:&quot;classic&quot;}\">\n\t\t\t\t<\/div>\n\t\t\t\t<\/div>\n\t\t<div class=\"elementor-element elementor-element-21335b7 e-flex e-con-boxed e-con e-parent\" data-id=\"21335b7\" data-element_type=\"container\" data-settings=\"{&quot;background_background&quot;:&quot;classic&quot;}\">\n\t\t\t\t\t<div class=\"e-con-inner\">\n\t\t\t\t<div class=\"elementor-element elementor-element-79e1136 elementor-widget elementor-widget-heading\" data-id=\"79e1136\" data-element_type=\"widget\" data-widget_type=\"heading.default\">\n\t\t\t\t<div class=\"elementor-widget-container\">\n\t\t\t\t\t<h1 class=\"elementor-heading-title elementor-size-default\">Our services<\/h1>\t\t\t\t<\/div>\n\t\t\t\t<\/div>\n\t\t<div class=\"elementor-element elementor-element-e50ac37 e-con-full e-flex e-con e-child\" data-id=\"e50ac37\" data-element_type=\"container\" data-settings=\"{&quot;background_background&quot;:&quot;classic&quot;}\">\n\t\t<div class=\"elementor-element elementor-element-6b559be e-con-full e-flex e-con e-child\" data-id=\"6b559be\" data-element_type=\"container\" data-settings=\"{&quot;background_background&quot;:&quot;classic&quot;}\">\n\t\t\t\t<div class=\"elementor-element elementor-element-824ce61 elementor-widget elementor-widget-heading\" data-id=\"824ce61\" data-element_type=\"widget\" data-widget_type=\"heading.default\">\n\t\t\t\t<div class=\"elementor-widget-container\">\n\t\t\t\t\t<h3 class=\"elementor-heading-title elementor-size-default\">Financing for the purchase of machinery and equipment<\/h3>\t\t\t\t<\/div>\n\t\t\t\t<\/div>\n\t\t\t\t<div class=\"elementor-element elementor-element-4f23ff4 elementor-widget elementor-widget-text-editor\" data-id=\"4f23ff4\" data-element_type=\"widget\" data-widget_type=\"text-editor.default\">\n\t\t\t\t<div class=\"elementor-widget-container\">\n\t\t\t\t\t\t\t\t\t<p>Invest in high-performance equipment without impacting your working capital. We can help you finance the purchase of your equipment with terms tailored to your budget and cash flow.<\/p>\t\t\t\t\t\t\t\t<\/div>\n\t\t\t\t<\/div>\n\t\t\t\t<\/div>\n\t\t<div class=\"elementor-element elementor-element-125d73b e-con-full e-flex e-con e-child\" data-id=\"125d73b\" data-element_type=\"container\" data-settings=\"{&quot;background_background&quot;:&quot;classic&quot;}\">\n\t\t\t\t<div class=\"elementor-element elementor-element-543ee41 elementor-widget elementor-widget-heading\" data-id=\"543ee41\" data-element_type=\"widget\" data-widget_type=\"heading.default\">\n\t\t\t\t<div class=\"elementor-widget-container\">\n\t\t\t\t\t<h3 class=\"elementor-heading-title elementor-size-default\">Rent-to-own solutions<\/h3>\t\t\t\t<\/div>\n\t\t\t\t<\/div>\n\t\t\t\t<div class=\"elementor-element elementor-element-4ff5001 elementor-widget elementor-widget-text-editor\" data-id=\"4ff5001\" data-element_type=\"widget\" data-widget_type=\"text-editor.default\">\n\t\t\t\t<div class=\"elementor-widget-container\">\n\t\t\t\t\t\t\t\t\t<p>Do you need greater flexibility? Opt for a rental solution with purchase option, which allows you to use the equipment immediately and acquire it at the end of the contract if necessary.<\/p>\t\t\t\t\t\t\t\t<\/div>\n\t\t\t\t<\/div>\n\t\t\t\t<\/div>\n\t\t<div class=\"elementor-element elementor-element-758546d e-con-full e-flex e-con e-child\" data-id=\"758546d\" data-element_type=\"container\" data-settings=\"{&quot;background_background&quot;:&quot;classic&quot;}\">\n\t\t\t\t<div class=\"elementor-element elementor-element-2547123 elementor-widget elementor-widget-heading\" data-id=\"2547123\" data-element_type=\"widget\" data-widget_type=\"heading.default\">\n\t\t\t\t<div class=\"elementor-widget-container\">\n\t\t\t\t\t<h3 class=\"elementor-heading-title elementor-size-default\"> Optimizing financing costs<\/h3>\t\t\t\t<\/div>\n\t\t\t\t<\/div>\n\t\t\t\t<div class=\"elementor-element elementor-element-1a369a9 elementor-widget elementor-widget-text-editor\" data-id=\"1a369a9\" data-element_type=\"widget\" data-widget_type=\"text-editor.default\">\n\t\t\t\t<div class=\"elementor-widget-container\">\n\t\t\t\t\t\t\t\t\t<p>We support you in structuring a loan tailored to your business, with competitive rates and optimized repayment terms to minimize costs and maximize profitability.<\/p>\t\t\t\t\t\t\t\t<\/div>\n\t\t\t\t<\/div>\n\t\t\t\t<\/div>\n\t\t\t\t<\/div>\n\t\t\t\t\t<\/div>\n\t\t\t\t<\/div>\n\t\t<div class=\"elementor-element elementor-element-c224414 e-con-full e-flex e-con e-parent\" data-id=\"c224414\" data-element_type=\"container\" data-settings=\"{&quot;background_background&quot;:&quot;classic&quot;}\">\n\t\t<div class=\"elementor-element elementor-element-666ab28 e-con-full e-flex e-con e-child\" data-id=\"666ab28\" data-element_type=\"container\">\n\t\t\t\t<div class=\"elementor-element elementor-element-f9139ab elementor-widget__width-initial elementor-widget-mobile__width-inherit elementor-widget elementor-widget-heading\" data-id=\"f9139ab\" data-element_type=\"widget\" data-widget_type=\"heading.default\">\n\t\t\t\t<div class=\"elementor-widget-container\">\n\t\t\t\t\t<h3 class=\"elementor-heading-title elementor-size-default\">Personalized support<\/h3>\t\t\t\t<\/div>\n\t\t\t\t<\/div>\n\t\t\t\t<div class=\"elementor-element elementor-element-f9d37ac elementor-widget__width-initial elementor-widget-mobile__width-inherit elementor-widget elementor-widget-text-editor\" data-id=\"f9d37ac\" data-element_type=\"widget\" data-widget_type=\"text-editor.default\">\n\t\t\t\t<div class=\"elementor-widget-container\">\n\t\t\t\t\t\t\t\t\t<p>We take the time to understand your specific needs and business model, so we can offer you a financing solution that's just right for you. Whether you're an SME, a large corporation or a start-up entrepreneur, we'll find the best option for you.<\/p>\t\t\t\t\t\t\t\t<\/div>\n\t\t\t\t<\/div>\n\t\t\t\t<\/div>\n\t\t<div class=\"elementor-element elementor-element-9ee3233 e-con-full e-flex e-con e-child\" data-id=\"9ee3233\" data-element_type=\"container\">\n\t\t\t\t<div class=\"elementor-element elementor-element-92b5c3e elementor-widget__width-initial elementor-widget-mobile__width-inherit elementor-widget elementor-widget-heading\" data-id=\"92b5c3e\" data-element_type=\"widget\" data-widget_type=\"heading.default\">\n\t\t\t\t<div class=\"elementor-widget-container\">\n\t\t\t\t\t<h3 class=\"elementor-heading-title elementor-size-default\">Access to a vast network of specialized lenders\n<\/h3>\t\t\t\t<\/div>\n\t\t\t\t<\/div>\n\t\t\t\t<div class=\"elementor-element elementor-element-14ea023 elementor-widget__width-initial elementor-widget-mobile__width-inherit elementor-widget elementor-widget-text-editor\" data-id=\"14ea023\" data-element_type=\"widget\" data-widget_type=\"text-editor.default\">\n\t\t\t\t<div class=\"elementor-widget-container\">\n\t\t\t\t\t\t\t\t\t<p data-start=\"1972\" data-end=\"2264\">Thanks to our many financial partners, we have access to a wide variety of financing solutions. We compare the various offers available to ensure you get the best possible terms.<\/p>\t\t\t\t\t\t\t\t<\/div>\n\t\t\t\t<\/div>\n\t\t\t\t<\/div>\n\t\t<div class=\"elementor-element elementor-element-6a1ff3d e-con-full e-flex e-con e-child\" data-id=\"6a1ff3d\" data-element_type=\"container\">\n\t\t\t\t<div class=\"elementor-element elementor-element-d472075 elementor-widget__width-initial elementor-widget-mobile__width-inherit elementor-widget elementor-widget-heading\" data-id=\"d472075\" data-element_type=\"widget\" data-widget_type=\"heading.default\">\n\t\t\t\t<div class=\"elementor-widget-container\">\n\t\t\t\t\t<h3 class=\"elementor-heading-title elementor-size-default\">A transparent and efficient approach<\/h3>\t\t\t\t<\/div>\n\t\t\t\t<\/div>\n\t\t\t\t<div class=\"elementor-element elementor-element-be97700 elementor-widget__width-initial elementor-widget-mobile__width-inherit elementor-widget elementor-widget-text-editor\" data-id=\"be97700\" data-element_type=\"widget\" data-widget_type=\"text-editor.default\">\n\t\t\t\t<div class=\"elementor-widget-container\">\n\t\t\t\t\t\t\t\t\t<p>We explain every step of the process clearly and transparently. No unpleasant surprises: we accompany you through the negotiation and implementation of your financing, ensuring rigorous follow-up to ensure rapid release of funds.<\/p>\t\t\t\t\t\t\t\t<\/div>\n\t\t\t\t<\/div>\n\t\t\t\t<\/div>\n\t\t<div class=\"elementor-element elementor-element-78483c2 e-con-full e-flex e-con e-child\" data-id=\"78483c2\" data-element_type=\"container\">\n\t\t\t\t<div class=\"elementor-element elementor-element-dac9d83 elementor-widget__width-initial elementor-widget-mobile__width-inherit elementor-widget elementor-widget-heading\" data-id=\"dac9d83\" data-element_type=\"widget\" data-widget_type=\"heading.default\">\n\t\t\t\t<div class=\"elementor-widget-container\">\n\t\t\t\t\t<h3 class=\"elementor-heading-title elementor-size-default\">Solutions tailored to your needs<\/h3>\t\t\t\t<\/div>\n\t\t\t\t<\/div>\n\t\t\t\t<div class=\"elementor-element elementor-element-57a71de elementor-widget__width-initial elementor-widget-mobile__width-inherit elementor-widget elementor-widget-text-editor\" data-id=\"57a71de\" data-element_type=\"widget\" data-widget_type=\"text-editor.default\">\n\t\t\t\t<div class=\"elementor-widget-container\">\n\t\t\t\t\t\t\t\t\t<p data-start=\"2583\" data-end=\"2902\">Every business has different equipment and financing needs. We tailor our solutions to your industry, repayment capacity and growth objectives, offering you flexible, cost-effective financing.<\/p>\t\t\t\t\t\t\t\t<\/div>\n\t\t\t\t<\/div>\n\t\t\t\t<\/div>\n\t\t\t\t<\/div>\n\t\t\t\t<\/div>","protected":false},"excerpt":{"rendered":"<p>Financement d&rsquo;\u00e9quipement Que ce soit pour l\u2019achat de machinerie, de v\u00e9hicules, de mat\u00e9riel informatique ou d\u2019autres \u00e9quipements sp\u00e9cialis\u00e9s, Imbeault Pr\u00eats vous accompagne avec des solutions de financement sur mesure. Notre objectif est de vous aider \u00e0 pr\u00e9server votre tr\u00e9sorerie tout en vous permettant d\u2019acc\u00e9der aux \u00e9quipements n\u00e9cessaires \u00e0 votre activit\u00e9. Demander plus d&rsquo;information &gt; Nos [&hellip;]<\/p>","protected":false},"author":1,"featured_media":0,"parent":0,"menu_order":0,"comment_status":"closed","ping_status":"closed","template":"","meta":{"footnotes":""},"class_list":["post-132","page","type-page","status-publish","hentry"],"_links":{"self":[{"href":"https:\/\/imbeaultprets.ca\/en\/wp-json\/wp\/v2\/pages\/132","targetHints":{"allow":["GET"]}}],"collection":[{"href":"https:\/\/imbeaultprets.ca\/en\/wp-json\/wp\/v2\/pages"}],"about":[{"href":"https:\/\/imbeaultprets.ca\/en\/wp-json\/wp\/v2\/types\/page"}],"author":[{"embeddable":true,"href":"https:\/\/imbeaultprets.ca\/en\/wp-json\/wp\/v2\/users\/1"}],"replies":[{"embeddable":true,"href":"https:\/\/imbeaultprets.ca\/en\/wp-json\/wp\/v2\/comments?post=132"}],"version-history":[{"count":25,"href":"https:\/\/imbeaultprets.ca\/en\/wp-json\/wp\/v2\/pages\/132\/revisions"}],"predecessor-version":[{"id":690,"href":"https:\/\/imbeaultprets.ca\/en\/wp-json\/wp\/v2\/pages\/132\/revisions\/690"}],"wp:attachment":[{"href":"https:\/\/imbeaultprets.ca\/en\/wp-json\/wp\/v2\/media?parent=132"}],"curies":[{"name":"wp","href":"https:\/\/api.w.org\/{rel}","templated":true}]}}