{"id":127,"date":"2025-02-13T16:16:31","date_gmt":"2025-02-13T16:16:31","guid":{"rendered":"https:\/\/imbeaultprets.ca\/?page_id=127"},"modified":"2025-12-09T17:08:13","modified_gmt":"2025-12-09T17:08:13","slug":"financement-commercial","status":"publish","type":"page","link":"https:\/\/imbeaultprets.ca\/en\/financement-commercial\/","title":{"rendered":"Commercial financing"},"content":{"rendered":"<div data-elementor-type=\"wp-page\" data-elementor-id=\"127\" class=\"elementor elementor-127\" data-elementor-post-type=\"page\">\n\t\t\t\t<div class=\"elementor-element elementor-element-2f7d429 e-con-full e-flex e-con e-parent\" data-id=\"2f7d429\" data-element_type=\"container\" data-settings=\"{&quot;background_background&quot;:&quot;classic&quot;}\">\n\t\t<div class=\"elementor-element elementor-element-e81c74f e-con-full e-flex e-con e-child\" data-id=\"e81c74f\" data-element_type=\"container\" data-settings=\"{&quot;background_background&quot;:&quot;classic&quot;}\">\n\t\t\t\t<\/div>\n\t\t<div class=\"elementor-element elementor-element-2ad32fd e-con-full e-flex e-con e-child\" data-id=\"2ad32fd\" data-element_type=\"container\">\n\t\t<div class=\"elementor-element elementor-element-b551d8e e-con-full e-flex e-con e-child\" data-id=\"b551d8e\" data-element_type=\"container\">\n\t\t\t\t<div class=\"elementor-element elementor-element-3fcfed4 elementor-widget elementor-widget-heading\" data-id=\"3fcfed4\" data-element_type=\"widget\" data-widget_type=\"heading.default\">\n\t\t\t\t<div class=\"elementor-widget-container\">\n\t\t\t\t\t<h2 class=\"elementor-heading-title elementor-size-default\">Commercial financing<\/h2>\t\t\t\t<\/div>\n\t\t\t\t<\/div>\n\t\t\t\t<div class=\"elementor-element elementor-element-5bc281a elementor-widget elementor-widget-text-editor\" data-id=\"5bc281a\" data-element_type=\"widget\" data-widget_type=\"text-editor.default\">\n\t\t\t\t<div class=\"elementor-widget-container\">\n\t\t\t\t\t\t\t\t\t<p data-start=\"171\" data-end=\"247\"><strong data-start=\"171\" data-end=\"245\">Expand your business with financing tailored to your ambitions<\/strong><\/p><p data-start=\"249\" data-end=\"458\">Whether you're looking to <strong data-start=\"269\" data-end=\"367\">acquire a commercial property, refinance an existing asset or finance an expansion project<\/strong>, we offer you <strong data-start=\"393\" data-end=\"428\">flexible solutions tailored to<\/strong> your business reality.<\/p>\t\t\t\t\t\t\t\t<\/div>\n\t\t\t\t<\/div>\n\t\t\t\t<\/div>\n\t\t<div class=\"elementor-element elementor-element-2205d68 e-con-full e-flex e-con e-child\" data-id=\"2205d68\" data-element_type=\"container\">\n\t\t\t\t<div class=\"elementor-element elementor-element-d998994 elementor-tablet-align-justify elementor-mobile-align-justify elementor-widget-tablet__width-inherit elementor-align-justify elementor-widget__width-initial elementor-widget elementor-widget-button\" data-id=\"d998994\" data-element_type=\"widget\" data-widget_type=\"button.default\">\n\t\t\t\t<div class=\"elementor-widget-container\">\n\t\t\t\t\t\t\t\t\t<div class=\"elementor-button-wrapper\">\n\t\t\t\t\t<a class=\"elementor-button elementor-button-link elementor-size-lg\" href=\"https:\/\/imbeaultprets.ca\/en\/contact\/\">\n\t\t\t\t\t\t<span class=\"elementor-button-content-wrapper\">\n\t\t\t\t\t\t\t\t\t<span class=\"elementor-button-text\">Request more information &gt;<\/span>\n\t\t\t\t\t<\/span>\n\t\t\t\t\t<\/a>\n\t\t\t\t<\/div>\n\t\t\t\t\t\t\t\t<\/div>\n\t\t\t\t<\/div>\n\t\t\t\t<\/div>\n\t\t\t\t<\/div>\n\t\t<div class=\"elementor-element elementor-element-d194a51 e-con-full e-flex e-con e-child\" data-id=\"d194a51\" data-element_type=\"container\" data-settings=\"{&quot;background_background&quot;:&quot;classic&quot;}\">\n\t\t\t\t<\/div>\n\t\t\t\t<\/div>\n\t\t<div class=\"elementor-element elementor-element-93b2ad6 e-flex e-con-boxed e-con e-parent\" data-id=\"93b2ad6\" data-element_type=\"container\" data-settings=\"{&quot;background_background&quot;:&quot;classic&quot;}\">\n\t\t\t\t\t<div class=\"e-con-inner\">\n\t\t\t\t<div class=\"elementor-element elementor-element-0bab073 elementor-widget elementor-widget-heading\" data-id=\"0bab073\" data-element_type=\"widget\" data-widget_type=\"heading.default\">\n\t\t\t\t<div class=\"elementor-widget-container\">\n\t\t\t\t\t<h1 class=\"elementor-heading-title elementor-size-default\">Our services<\/h1>\t\t\t\t<\/div>\n\t\t\t\t<\/div>\n\t\t<div class=\"elementor-element elementor-element-87043db e-con-full e-flex e-con e-child\" data-id=\"87043db\" data-element_type=\"container\" data-settings=\"{&quot;background_background&quot;:&quot;classic&quot;}\">\n\t\t<div class=\"elementor-element elementor-element-a26992e e-con-full e-flex e-con e-child\" data-id=\"a26992e\" data-element_type=\"container\" data-settings=\"{&quot;background_background&quot;:&quot;classic&quot;}\">\n\t\t\t\t<div class=\"elementor-element elementor-element-8816af5 elementor-widget elementor-widget-heading\" data-id=\"8816af5\" data-element_type=\"widget\" data-widget_type=\"heading.default\">\n\t\t\t\t<div class=\"elementor-widget-container\">\n\t\t\t\t\t<h3 class=\"elementor-heading-title elementor-size-default\">Access to the best offers<\/h3>\t\t\t\t<\/div>\n\t\t\t\t<\/div>\n\t\t\t\t<div class=\"elementor-element elementor-element-c5313dd elementor-widget elementor-widget-text-editor\" data-id=\"c5313dd\" data-element_type=\"widget\" data-widget_type=\"text-editor.default\">\n\t\t\t\t<div class=\"elementor-widget-container\">\n\t\t\t\t\t\t\t\t\t<p>We work with <strong data-start=\"1042\" data-end=\"1091\">a wide network of banks and private lenders<\/strong> to obtain the most advantageous terms for you.<\/p>\t\t\t\t\t\t\t\t<\/div>\n\t\t\t\t<\/div>\n\t\t\t\t<\/div>\n\t\t<div class=\"elementor-element elementor-element-a95a9dc e-con-full e-flex e-con e-child\" data-id=\"a95a9dc\" data-element_type=\"container\" data-settings=\"{&quot;background_background&quot;:&quot;classic&quot;}\">\n\t\t\t\t<div class=\"elementor-element elementor-element-c29abb5 elementor-widget elementor-widget-heading\" data-id=\"c29abb5\" data-element_type=\"widget\" data-widget_type=\"heading.default\">\n\t\t\t\t<div class=\"elementor-widget-container\">\n\t\t\t\t\t<h3 class=\"elementor-heading-title elementor-size-default\">Tailored financing<\/h3>\t\t\t\t<\/div>\n\t\t\t\t<\/div>\n\t\t\t\t<div class=\"elementor-element elementor-element-972ad1f elementor-widget elementor-widget-text-editor\" data-id=\"972ad1f\" data-element_type=\"widget\" data-widget_type=\"text-editor.default\">\n\t\t\t\t<div class=\"elementor-widget-container\">\n\t\t\t\t\t\t\t\t\t<p>Every project is unique. We tailor our approach <strong data-start=\"1239\" data-end=\"1302\">to your needs and your financial structure.<\/strong>.<\/p>\t\t\t\t\t\t\t\t<\/div>\n\t\t\t\t<\/div>\n\t\t\t\t<\/div>\n\t\t<div class=\"elementor-element elementor-element-a956e3f e-con-full e-flex e-con e-child\" data-id=\"a956e3f\" data-element_type=\"container\" data-settings=\"{&quot;background_background&quot;:&quot;classic&quot;}\">\n\t\t\t\t<div class=\"elementor-element elementor-element-8e8a556 elementor-widget elementor-widget-heading\" data-id=\"8e8a556\" data-element_type=\"widget\" data-widget_type=\"heading.default\">\n\t\t\t\t<div class=\"elementor-widget-container\">\n\t\t\t\t\t<h3 class=\"elementor-heading-title elementor-size-default\">Speed and efficiency<\/h3>\t\t\t\t<\/div>\n\t\t\t\t<\/div>\n\t\t\t\t<div class=\"elementor-element elementor-element-8bc8215 elementor-widget elementor-widget-text-editor\" data-id=\"8bc8215\" data-element_type=\"widget\" data-widget_type=\"text-editor.default\">\n\t\t\t\t<div class=\"elementor-widget-container\">\n\t\t\t\t\t\t\t\t\t<p>Our experts are with you <strong data-start=\"1370\" data-end=\"1388\">every step of the way<\/strong>, from financial analysis to loan finalization.<\/p>\t\t\t\t\t\t\t\t<\/div>\n\t\t\t\t<\/div>\n\t\t\t\t<\/div>\n\t\t\t\t<\/div>\n\t\t\t\t\t<\/div>\n\t\t\t\t<\/div>\n\t\t<div class=\"elementor-element elementor-element-a518e31 e-con-full e-flex e-con e-parent\" data-id=\"a518e31\" data-element_type=\"container\" data-settings=\"{&quot;background_background&quot;:&quot;classic&quot;}\">\n\t\t<div class=\"elementor-element elementor-element-b1e50ef e-con-full e-flex e-con e-child\" data-id=\"b1e50ef\" data-element_type=\"container\">\n\t\t\t\t<div class=\"elementor-element elementor-element-9165af0 elementor-widget__width-initial elementor-widget-mobile__width-inherit elementor-widget elementor-widget-heading\" data-id=\"9165af0\" data-element_type=\"widget\" data-widget_type=\"heading.default\">\n\t\t\t\t<div class=\"elementor-widget-container\">\n\t\t\t\t\t<h3 class=\"elementor-heading-title elementor-size-default\">Liste des documents requis pour Une demande de pr\u00eat commercial<\/h3>\t\t\t\t<\/div>\n\t\t\t\t<\/div>\n\t\t\t\t<div class=\"elementor-element elementor-element-f56fe3a elementor-widget__width-initial elementor-widget-mobile__width-inherit elementor-widget elementor-widget-text-editor\" data-id=\"f56fe3a\" data-element_type=\"widget\" data-widget_type=\"text-editor.default\">\n\t\t\t\t<div class=\"elementor-widget-container\">\n\t\t\t\t\t\t\t\t\t<p>1. Administrative documents<\/p><ul><li>Valid ID of manager(s)<\/li><li>Company bylaws and regulations<\/li><li>Certificate of incorporation and business number (NEQ)<\/li><li>Business license and permit (if applicable)<\/li><\/ul><p>2. Financial documents<\/p><ul><li>Financial statements for the past three years<\/li><li>Tax returns for the last three years<\/li><li>Financial forecasts (projected balance sheet, income statement)<\/li><li>Bank statements for the past six months<\/li><li>Two years of financial statements from the entity that owns the building<\/li><\/ul><p>3. Project-related documents<\/p><ul><li>Detailed business plan<\/li><li>Project description and funding justification<\/li><li>Quotes, invoices or offers from suppliers (if applicable)<\/li><li>Most recent rental register (see attached Bank model)<\/li><li>Market value appraisal report of the property<\/li><li>Environmental assessment report of the property<\/li><\/ul><p>4. Collateral documents<\/p><ul><li>List of company assets<\/li><li>Property and\/or equipment appraisals<\/li><li>Documents relating to personal guarantees or mortgages<\/li><\/ul><p>5. Other documents<\/p><ul><li>Current contracts and agreements (commercial lease, supplier contracts)<\/li><li>Proof of equity or personal contribution<\/li><\/ul><p><br \/><strong>Note<\/strong> : This list is indicative and may vary according to the requirements of the financial institution.<\/p>\t\t\t\t\t\t\t\t<\/div>\n\t\t\t\t<\/div>\n\t\t\t\t<\/div>\n\t\t<div class=\"elementor-element elementor-element-44dd7e4 e-con-full e-flex e-con e-child\" data-id=\"44dd7e4\" data-element_type=\"container\">\n\t\t\t\t<div class=\"elementor-element elementor-element-f126308 elementor-widget__width-initial elementor-widget-mobile__width-inherit elementor-widget elementor-widget-heading\" data-id=\"f126308\" data-element_type=\"widget\" data-widget_type=\"heading.default\">\n\t\t\t\t<div class=\"elementor-widget-container\">\n\t\t\t\t\t<h3 class=\"elementor-heading-title elementor-size-default\">How much do our services cost?<\/h3>\t\t\t\t<\/div>\n\t\t\t\t<\/div>\n\t\t\t\t<div class=\"elementor-element elementor-element-28d3673 elementor-widget__width-initial elementor-widget-mobile__width-inherit elementor-widget elementor-widget-text-editor\" data-id=\"28d3673\" data-element_type=\"widget\" data-widget_type=\"text-editor.default\">\n\t\t\t\t<div class=\"elementor-widget-container\">\n\t\t\t\t\t\t\t\t\t<p data-start=\"2285\" data-end=\"2462\">The cost of commercial financing depends on a number of factors, including :<br data-start=\"2362\" data-end=\"2365\" \/><strong data-start=\"2368\" data-end=\"2460\">The amount of the loan, the type of property, market conditions and your financial profile.<\/strong><\/p><p data-start=\"2464\" data-end=\"2554\">Our experts will provide you with <strong data-start=\"2493\" data-end=\"2534\">a transparent, personalized analysis<\/strong>, with no obligation.<\/p>\t\t\t\t\t\t\t\t<\/div>\n\t\t\t\t<\/div>\n\t\t\t\t<\/div>\n\t\t<div class=\"elementor-element elementor-element-39ba03c e-con-full e-flex e-con e-child\" data-id=\"39ba03c\" data-element_type=\"container\">\n\t\t\t\t<div class=\"elementor-element elementor-element-d780378 elementor-widget__width-initial elementor-widget-mobile__width-inherit elementor-widget elementor-widget-heading\" data-id=\"d780378\" data-element_type=\"widget\" data-widget_type=\"heading.default\">\n\t\t\t\t<div class=\"elementor-widget-container\">\n\t\t\t\t\t<h3 class=\"elementor-heading-title elementor-size-default\">What kind of companies do we support?<\/h3>\t\t\t\t<\/div>\n\t\t\t\t<\/div>\n\t\t\t\t<div class=\"elementor-element elementor-element-36cbbfb elementor-widget__width-initial elementor-widget-mobile__width-inherit elementor-widget elementor-widget-text-editor\" data-id=\"36cbbfb\" data-element_type=\"widget\" data-widget_type=\"text-editor.default\">\n\t\t\t\t<div class=\"elementor-widget-container\">\n\t\t\t\t\t\t\t\t\t<p data-start=\"2665\" data-end=\"2909\">We finance companies <strong data-start=\"2701\" data-end=\"2720\">in various sectors<\/strong> :<br data-start=\"2722\" data-end=\"2725\" \/>Commercial &amp; multi-family real estate<br data-start=\"2767\" data-end=\"2770\" \/>Hospitality &amp; catering<br data-start=\"2798\" data-end=\"2801\" \/>Manufacturing industry<br data-start=\"2827\" data-end=\"2830\" \/>Retail &amp; Franchising<br data-start=\"2864\" data-end=\"2867\" \/>Technology companies &amp; startups<\/p><p data-start=\"2911\" data-end=\"2980\"><strong data-start=\"2914\" data-end=\"2978\">Whatever your project, we have the right solution.<\/strong><\/p>\t\t\t\t\t\t\t\t<\/div>\n\t\t\t\t<\/div>\n\t\t\t\t<\/div>\n\t\t<div class=\"elementor-element elementor-element-53424d6 e-con-full e-flex e-con e-child\" data-id=\"53424d6\" data-element_type=\"container\">\n\t\t\t\t<div class=\"elementor-element elementor-element-9b2981f elementor-widget__width-initial elementor-widget-mobile__width-inherit elementor-widget elementor-widget-heading\" data-id=\"9b2981f\" data-element_type=\"widget\" data-widget_type=\"heading.default\">\n\t\t\t\t<div class=\"elementor-widget-container\">\n\t\t\t\t\t<h3 class=\"elementor-heading-title elementor-size-default\">Our commercial financing expertise<\/h3>\t\t\t\t<\/div>\n\t\t\t\t<\/div>\n\t\t\t\t<div class=\"elementor-element elementor-element-df56ce2 elementor-widget__width-initial elementor-widget-mobile__width-inherit elementor-widget elementor-widget-text-editor\" data-id=\"df56ce2\" data-element_type=\"widget\" data-widget_type=\"text-editor.default\">\n\t\t\t\t<div class=\"elementor-widget-container\">\n\t\t\t\t\t\t\t\t\t<p data-start=\"3081\" data-end=\"3227\">With <strong data-start=\"3090\" data-end=\"3113\">years of experience<\/strong> and <strong data-start=\"3121\" data-end=\"3153\">millions of dollars financed<\/strong>, we've helped many entrepreneurs bring their projects to fruition.<\/p><p data-start=\"3229\" data-end=\"3415\"><strong data-start=\"3232\" data-end=\"3281\">Personalized support at every step<\/strong><br data-start=\"3281\" data-end=\"3284\" \/><strong data-start=\"3287\" data-end=\"3348\">A strategic approach to maximizing your profitability<\/strong><br data-start=\"3348\" data-end=\"3351\" \/><strong data-start=\"3354\" data-end=\"3413\">A strong network to secure the best terms<\/strong><\/p><p data-start=\"3417\" data-end=\"3458\"><strong data-start=\"3420\" data-end=\"3456\">Your growth, our mission<\/strong><\/p>\t\t\t\t\t\t\t\t<\/div>\n\t\t\t\t<\/div>\n\t\t\t\t<\/div>\n\t\t\t\t<\/div>\n\t\t\t\t<\/div>","protected":false},"excerpt":{"rendered":"<p>Financement commercial D\u00e9veloppez votre entreprise avec un financement adapt\u00e9 \u00e0 vos ambitions Que vous souhaitiez acqu\u00e9rir un immeuble commercial, refinancer un bien existant ou financer un projet d\u2019expansion, nous vous proposons des solutions flexibles et adapt\u00e9es \u00e0 votre r\u00e9alit\u00e9 d\u2019affaires. Demander plus d&rsquo;information &gt; Nos services Acc\u00e8s aux meilleures offres Nous collaborons avec un large [&hellip;]<\/p>","protected":false},"author":1,"featured_media":0,"parent":0,"menu_order":0,"comment_status":"closed","ping_status":"closed","template":"","meta":{"footnotes":""},"class_list":["post-127","page","type-page","status-publish","hentry"],"_links":{"self":[{"href":"https:\/\/imbeaultprets.ca\/en\/wp-json\/wp\/v2\/pages\/127","targetHints":{"allow":["GET"]}}],"collection":[{"href":"https:\/\/imbeaultprets.ca\/en\/wp-json\/wp\/v2\/pages"}],"about":[{"href":"https:\/\/imbeaultprets.ca\/en\/wp-json\/wp\/v2\/types\/page"}],"author":[{"embeddable":true,"href":"https:\/\/imbeaultprets.ca\/en\/wp-json\/wp\/v2\/users\/1"}],"replies":[{"embeddable":true,"href":"https:\/\/imbeaultprets.ca\/en\/wp-json\/wp\/v2\/comments?post=127"}],"version-history":[{"count":25,"href":"https:\/\/imbeaultprets.ca\/en\/wp-json\/wp\/v2\/pages\/127\/revisions"}],"predecessor-version":[{"id":722,"href":"https:\/\/imbeaultprets.ca\/en\/wp-json\/wp\/v2\/pages\/127\/revisions\/722"}],"wp:attachment":[{"href":"https:\/\/imbeaultprets.ca\/en\/wp-json\/wp\/v2\/media?parent=127"}],"curies":[{"name":"wp","href":"https:\/\/api.w.org\/{rel}","templated":true}]}}