{"id":125,"date":"2025-02-13T16:16:09","date_gmt":"2025-02-13T16:16:09","guid":{"rendered":"https:\/\/imbeaultprets.ca\/?page_id=125"},"modified":"2025-04-04T18:14:04","modified_gmt":"2025-04-04T18:14:04","slug":"financement-residentiel","status":"publish","type":"page","link":"https:\/\/imbeaultprets.ca\/en\/financement-residentiel\/","title":{"rendered":"House financing"},"content":{"rendered":"<div data-elementor-type=\"wp-page\" data-elementor-id=\"125\" class=\"elementor elementor-125\" data-elementor-post-type=\"page\">\n\t\t\t\t<div class=\"elementor-element elementor-element-12a18366 e-con-full e-flex e-con e-parent\" data-id=\"12a18366\" data-element_type=\"container\" data-settings=\"{&quot;background_background&quot;:&quot;classic&quot;}\">\n\t\t<div class=\"elementor-element elementor-element-6bcd50b e-con-full e-flex e-con e-child\" data-id=\"6bcd50b\" data-element_type=\"container\" data-settings=\"{&quot;background_background&quot;:&quot;classic&quot;}\">\n\t\t\t\t<\/div>\n\t\t<div class=\"elementor-element elementor-element-38bfd4d9 e-con-full e-flex e-con e-child\" data-id=\"38bfd4d9\" data-element_type=\"container\">\n\t\t<div class=\"elementor-element elementor-element-47aa2453 e-con-full e-flex e-con e-child\" data-id=\"47aa2453\" data-element_type=\"container\">\n\t\t\t\t<div class=\"elementor-element elementor-element-62d268ec elementor-widget elementor-widget-heading\" data-id=\"62d268ec\" data-element_type=\"widget\" data-widget_type=\"heading.default\">\n\t\t\t\t<div class=\"elementor-widget-container\">\n\t\t\t\t\t<h2 class=\"elementor-heading-title elementor-size-default\">House financing<\/h2>\t\t\t\t<\/div>\n\t\t\t\t<\/div>\n\t\t\t\t<div class=\"elementor-element elementor-element-26b67af8 elementor-widget elementor-widget-text-editor\" data-id=\"26b67af8\" data-element_type=\"widget\" data-widget_type=\"text-editor.default\">\n\t\t\t\t<div class=\"elementor-widget-container\">\n\t\t\t\t\t\t\t\t\t<p>Whether you're buying your first home, looking to refinance your loan, or investing in real estate, <strong data-start=\"280\" data-end=\"298\">Imbeault Pr\u00eats<\/strong> supports you at every step. With our expertise in residential financing, we help you find the best solutions tailored to your situation and financial goals.<\/p>\t\t\t\t\t\t\t\t<\/div>\n\t\t\t\t<\/div>\n\t\t\t\t<\/div>\n\t\t<div class=\"elementor-element elementor-element-5b82f266 e-con-full e-flex e-con e-child\" data-id=\"5b82f266\" data-element_type=\"container\">\n\t\t\t\t<div class=\"elementor-element elementor-element-737f0e06 elementor-tablet-align-justify elementor-mobile-align-justify elementor-widget-tablet__width-inherit elementor-align-justify elementor-widget__width-initial elementor-widget elementor-widget-button\" data-id=\"737f0e06\" data-element_type=\"widget\" data-widget_type=\"button.default\">\n\t\t\t\t<div class=\"elementor-widget-container\">\n\t\t\t\t\t\t\t\t\t<div class=\"elementor-button-wrapper\">\n\t\t\t\t\t<a class=\"elementor-button elementor-button-link elementor-size-lg\" href=\"https:\/\/imbeaultprets.ca\/en\/contact\/\">\n\t\t\t\t\t\t<span class=\"elementor-button-content-wrapper\">\n\t\t\t\t\t\t\t\t\t<span class=\"elementor-button-text\">Request more information &gt;<\/span>\n\t\t\t\t\t<\/span>\n\t\t\t\t\t<\/a>\n\t\t\t\t<\/div>\n\t\t\t\t\t\t\t\t<\/div>\n\t\t\t\t<\/div>\n\t\t\t\t<\/div>\n\t\t\t\t<\/div>\n\t\t<div class=\"elementor-element elementor-element-143f6827 e-con-full e-flex e-con e-child\" data-id=\"143f6827\" data-element_type=\"container\" data-settings=\"{&quot;background_background&quot;:&quot;classic&quot;}\">\n\t\t\t\t<\/div>\n\t\t\t\t<\/div>\n\t\t<div class=\"elementor-element elementor-element-d0f7d9e e-flex e-con-boxed e-con e-parent\" data-id=\"d0f7d9e\" data-element_type=\"container\" data-settings=\"{&quot;background_background&quot;:&quot;classic&quot;}\">\n\t\t\t\t\t<div class=\"e-con-inner\">\n\t\t\t\t<div class=\"elementor-element elementor-element-1ba7035 elementor-widget elementor-widget-heading\" data-id=\"1ba7035\" data-element_type=\"widget\" data-widget_type=\"heading.default\">\n\t\t\t\t<div class=\"elementor-widget-container\">\n\t\t\t\t\t<h1 class=\"elementor-heading-title elementor-size-default\">Our services<\/h1>\t\t\t\t<\/div>\n\t\t\t\t<\/div>\n\t\t\t\t\t<\/div>\n\t\t\t\t<\/div>\n\t\t<div class=\"elementor-element elementor-element-2804259b e-con-full e-flex e-con e-parent\" data-id=\"2804259b\" data-element_type=\"container\" data-settings=\"{&quot;background_background&quot;:&quot;classic&quot;}\">\n\t\t<div class=\"elementor-element elementor-element-48ee577a e-con-full e-flex e-con e-child\" data-id=\"48ee577a\" data-element_type=\"container\" data-settings=\"{&quot;background_background&quot;:&quot;classic&quot;}\">\n\t\t\t\t<div class=\"elementor-element elementor-element-3342936f elementor-widget elementor-widget-heading\" data-id=\"3342936f\" data-element_type=\"widget\" data-widget_type=\"heading.default\">\n\t\t\t\t<div class=\"elementor-widget-container\">\n\t\t\t\t\t<h3 class=\"elementor-heading-title elementor-size-default\"> Buying a property<\/h3>\t\t\t\t<\/div>\n\t\t\t\t<\/div>\n\t\t\t\t<div class=\"elementor-element elementor-element-259d3fe4 elementor-widget elementor-widget-text-editor\" data-id=\"259d3fe4\" data-element_type=\"widget\" data-widget_type=\"text-editor.default\">\n\t\t\t\t<div class=\"elementor-widget-container\">\n\t\t\t\t\t\t\t\t\t<p data-start=\"520\" data-end=\"852\">We'll be with you from the start of the process right through to loan approval, advising you on down payments and mortgage insurance.<\/p><p data-start=\"854\" data-end=\"1115\">\u00a0<\/p>\t\t\t\t\t\t\t\t<\/div>\n\t\t\t\t<\/div>\n\t\t\t\t<\/div>\n\t\t<div class=\"elementor-element elementor-element-2782d393 e-con-full e-flex e-con e-child\" data-id=\"2782d393\" data-element_type=\"container\" data-settings=\"{&quot;background_background&quot;:&quot;classic&quot;}\">\n\t\t\t\t<div class=\"elementor-element elementor-element-306dc1e9 elementor-widget elementor-widget-heading\" data-id=\"306dc1e9\" data-element_type=\"widget\" data-widget_type=\"heading.default\">\n\t\t\t\t<div class=\"elementor-widget-container\">\n\t\t\t\t\t<h3 class=\"elementor-heading-title elementor-size-default\">Refinancing your mortgage<\/h3>\t\t\t\t<\/div>\n\t\t\t\t<\/div>\n\t\t\t\t<div class=\"elementor-element elementor-element-6c6bc394 elementor-widget elementor-widget-text-editor\" data-id=\"6c6bc394\" data-element_type=\"widget\" data-widget_type=\"text-editor.default\">\n\t\t\t\t<div class=\"elementor-widget-container\">\n\t\t\t\t\t\t\t\t\t<p>Optimize your loan by obtaining a better rate, access the equity in your property to finance your projects (renovations, investments, debt consolidation) or readjust your payments for greater flexibility.<\/p>\t\t\t\t\t\t\t\t<\/div>\n\t\t\t\t<\/div>\n\t\t\t\t<\/div>\n\t\t<div class=\"elementor-element elementor-element-25af13d1 e-con-full e-flex e-con e-child\" data-id=\"25af13d1\" data-element_type=\"container\" data-settings=\"{&quot;background_background&quot;:&quot;classic&quot;}\">\n\t\t\t\t<div class=\"elementor-element elementor-element-61dda9be elementor-widget elementor-widget-heading\" data-id=\"61dda9be\" data-element_type=\"widget\" data-widget_type=\"heading.default\">\n\t\t\t\t<div class=\"elementor-widget-container\">\n\t\t\t\t\t<h3 class=\"elementor-heading-title elementor-size-default\">Financing for real-estate investors<\/h3>\t\t\t\t<\/div>\n\t\t\t\t<\/div>\n\t\t\t\t<div class=\"elementor-element elementor-element-3e633f3e elementor-widget elementor-widget-text-editor\" data-id=\"3e633f3e\" data-element_type=\"widget\" data-widget_type=\"text-editor.default\">\n\t\t\t\t<div class=\"elementor-widget-container\">\n\t\t\t\t\t\t\t\t\t<p>Are you looking to buy an income property? We structure strategic financing to maximize your return, minimize your costs and optimize your short- and long-term investments.<\/p>\t\t\t\t\t\t\t\t<\/div>\n\t\t\t\t<\/div>\n\t\t\t\t<\/div>\n\t\t<div class=\"elementor-element elementor-element-51e62e6 e-con-full e-flex e-con e-child\" data-id=\"51e62e6\" data-element_type=\"container\" data-settings=\"{&quot;background_background&quot;:&quot;classic&quot;}\">\n\t\t\t\t<div class=\"elementor-element elementor-element-9233aab elementor-widget elementor-widget-heading\" data-id=\"9233aab\" data-element_type=\"widget\" data-widget_type=\"heading.default\">\n\t\t\t\t<div class=\"elementor-widget-container\">\n\t\t\t\t\t<h3 class=\"elementor-heading-title elementor-size-default\">Pre-qualification<\/h3>\t\t\t\t<\/div>\n\t\t\t\t<\/div>\n\t\t\t\t<div class=\"elementor-element elementor-element-d9a4f23 elementor-widget elementor-widget-text-editor\" data-id=\"d9a4f23\" data-element_type=\"widget\" data-widget_type=\"text-editor.default\">\n\t\t\t\t<div class=\"elementor-widget-container\">\n\t\t\t\t\t\t\t\t\t<p><span data-teams=\"true\">Buying a property requires careful preparation. That's why we'll help you draw up a budget, set up a savings strategy for your downpayment, evaluate your borrowing capacity and define an action plan to make your real estate project a reality.<\/span><\/p>\t\t\t\t\t\t\t\t<\/div>\n\t\t\t\t<\/div>\n\t\t\t\t<div class=\"elementor-element elementor-element-6bbfa38 elementor-widget-divider--view-line elementor-widget elementor-widget-divider\" data-id=\"6bbfa38\" data-element_type=\"widget\" data-widget_type=\"divider.default\">\n\t\t\t\t<div class=\"elementor-widget-container\">\n\t\t\t\t\t\t\t<div class=\"elementor-divider\">\n\t\t\t<span class=\"elementor-divider-separator\">\n\t\t\t\t\t\t<\/span>\n\t\t<\/div>\n\t\t\t\t\t\t<\/div>\n\t\t\t\t<\/div>\n\t\t\t\t<div class=\"elementor-element elementor-element-5ba7e14 elementor-widget elementor-widget-heading\" data-id=\"5ba7e14\" data-element_type=\"widget\" data-widget_type=\"heading.default\">\n\t\t\t\t<div class=\"elementor-widget-container\">\n\t\t\t\t\t<h3 class=\"elementor-heading-title elementor-size-default\">Renewal<\/h3>\t\t\t\t<\/div>\n\t\t\t\t<\/div>\n\t\t\t\t<div class=\"elementor-element elementor-element-c0a8031 elementor-widget elementor-widget-text-editor\" data-id=\"c0a8031\" data-element_type=\"widget\" data-widget_type=\"text-editor.default\">\n\t\t\t\t<div class=\"elementor-widget-container\">\n\t\t\t\t\t\t\t\t\t<p><span data-teams=\"true\">By taking the time to evaluate your options, you could obtain a better rate, more advantageous terms and considerable savings over the long term. Don't miss this opportunity to optimize your financing!<\/span><\/p>\t\t\t\t\t\t\t\t<\/div>\n\t\t\t\t<\/div>\n\t\t\t\t<div class=\"elementor-element elementor-element-3a24121 elementor-widget-divider--view-line elementor-widget elementor-widget-divider\" data-id=\"3a24121\" data-element_type=\"widget\" data-widget_type=\"divider.default\">\n\t\t\t\t<div class=\"elementor-widget-container\">\n\t\t\t\t\t\t\t<div class=\"elementor-divider\">\n\t\t\t<span class=\"elementor-divider-separator\">\n\t\t\t\t\t\t<\/span>\n\t\t<\/div>\n\t\t\t\t\t\t<\/div>\n\t\t\t\t<\/div>\n\t\t\t\t<div class=\"elementor-element elementor-element-985b585 elementor-widget elementor-widget-heading\" data-id=\"985b585\" data-element_type=\"widget\" data-widget_type=\"heading.default\">\n\t\t\t\t<div class=\"elementor-widget-container\">\n\t\t\t\t\t<h3 class=\"elementor-heading-title elementor-size-default\">Self-construction <\/h3>\t\t\t\t<\/div>\n\t\t\t\t<\/div>\n\t\t\t\t<div class=\"elementor-element elementor-element-7e47dee elementor-widget elementor-widget-text-editor\" data-id=\"7e47dee\" data-element_type=\"widget\" data-widget_type=\"text-editor.default\">\n\t\t\t\t<div class=\"elementor-widget-container\">\n\t\t\t\t\t\t\t\t\t<p><span data-teams=\"true\">Embarking on a self-build project is a great opportunity, but it's crucial to examine all your financing options before committing to your current banking institution. Comparing offers on the market may enable you to obtain more flexible conditions, a better rate and financing better suited to your project.<\/span><\/p>\t\t\t\t\t\t\t\t<\/div>\n\t\t\t\t<\/div>\n\t\t\t\t<\/div>\n\t\t\t\t<\/div>\n\t\t<div class=\"elementor-element elementor-element-e371921 e-con-full e-flex e-con e-parent\" data-id=\"e371921\" data-element_type=\"container\" data-settings=\"{&quot;background_background&quot;:&quot;classic&quot;}\">\n\t\t<div class=\"elementor-element elementor-element-47f0e3d3 e-con-full e-flex e-con e-child\" data-id=\"47f0e3d3\" data-element_type=\"container\">\n\t\t\t\t<div class=\"elementor-element elementor-element-2134bd21 elementor-widget__width-initial elementor-widget-mobile__width-inherit elementor-widget elementor-widget-heading\" data-id=\"2134bd21\" data-element_type=\"widget\" data-widget_type=\"heading.default\">\n\t\t\t\t<div class=\"elementor-widget-container\">\n\t\t\t\t\t<h3 class=\"elementor-heading-title elementor-size-default\">Personalized support<\/h3>\t\t\t\t<\/div>\n\t\t\t\t<\/div>\n\t\t\t\t<div class=\"elementor-element elementor-element-241de94d elementor-widget__width-initial elementor-widget-mobile__width-inherit elementor-widget elementor-widget-text-editor\" data-id=\"241de94d\" data-element_type=\"widget\" data-widget_type=\"text-editor.default\">\n\t\t\t\t<div class=\"elementor-widget-container\">\n\t\t\t\t\t\t\t\t\t<p>Every real estate project is unique, which is why we take the time to understand your financial situation and objectives. At <strong data-start=\"300\" data-end=\"318\">Imbeault Pr\u00eats<\/strong>, we offer a tailor-made service, guiding you every step of the way. From the analysis of your borrowing capacity to the signing of your loan, we are at your side to answer all your questions and ensure a stress-free experience.<\/p>\t\t\t\t\t\t\t\t<\/div>\n\t\t\t\t<\/div>\n\t\t\t\t<\/div>\n\t\t<div class=\"elementor-element elementor-element-138f1ea4 e-con-full e-flex e-con e-child\" data-id=\"138f1ea4\" data-element_type=\"container\">\n\t\t\t\t<div class=\"elementor-element elementor-element-68d150c9 elementor-widget__width-initial elementor-widget-mobile__width-inherit elementor-widget elementor-widget-heading\" data-id=\"68d150c9\" data-element_type=\"widget\" data-widget_type=\"heading.default\">\n\t\t\t\t<div class=\"elementor-widget-container\">\n\t\t\t\t\t<h3 class=\"elementor-heading-title elementor-size-default\">Access to a vast network of lenders<\/h3>\t\t\t\t<\/div>\n\t\t\t\t<\/div>\n\t\t\t\t<div class=\"elementor-element elementor-element-64eb8bd8 elementor-widget__width-initial elementor-widget-mobile__width-inherit elementor-widget elementor-widget-text-editor\" data-id=\"64eb8bd8\" data-element_type=\"widget\" data-widget_type=\"text-editor.default\">\n\t\t\t\t<div class=\"elementor-widget-container\">\n\t\t\t\t\t\t\t\t\t<p>Thanks to our network of banking partners and private lenders, we give you access to a wide range of financing options. Whether you're looking for the best terms for a mortgage, refinancing or real estate investment financing, we compare and negotiate on your behalf to obtain the most advantageous offer.<\/p>\t\t\t\t\t\t\t\t<\/div>\n\t\t\t\t<\/div>\n\t\t\t\t<\/div>\n\t\t<div class=\"elementor-element elementor-element-2ae46e23 e-con-full e-flex e-con e-child\" data-id=\"2ae46e23\" data-element_type=\"container\">\n\t\t\t\t<div class=\"elementor-element elementor-element-46bb13e0 elementor-widget__width-initial elementor-widget-mobile__width-inherit elementor-widget elementor-widget-heading\" data-id=\"46bb13e0\" data-element_type=\"widget\" data-widget_type=\"heading.default\">\n\t\t\t\t<div class=\"elementor-widget-container\">\n\t\t\t\t\t<h3 class=\"elementor-heading-title elementor-size-default\">A transparent and efficient approach<\/h3>\t\t\t\t<\/div>\n\t\t\t\t<\/div>\n\t\t\t\t<div class=\"elementor-element elementor-element-156e33ca elementor-widget__width-initial elementor-widget-mobile__width-inherit elementor-widget elementor-widget-text-editor\" data-id=\"156e33ca\" data-element_type=\"widget\" data-widget_type=\"text-editor.default\">\n\t\t\t\t<div class=\"elementor-widget-container\">\n\t\t\t\t\t\t\t\t\t<p>We believe in a relationship of trust with our customers. That's why we explain every step of the process clearly, with no hidden costs or unpleasant surprises. Our aim is to simplify the process for you, by providing precise advice and speeding up the processing of your file, so that you can bring your project to fruition under the best possible conditions.<\/p>\t\t\t\t\t\t\t\t<\/div>\n\t\t\t\t<\/div>\n\t\t\t\t<\/div>\n\t\t<div class=\"elementor-element elementor-element-4487bf0 e-con-full e-flex e-con e-child\" data-id=\"4487bf0\" data-element_type=\"container\">\n\t\t\t\t<div class=\"elementor-element elementor-element-cd4a69a elementor-widget__width-initial elementor-widget-mobile__width-inherit elementor-widget elementor-widget-heading\" data-id=\"cd4a69a\" data-element_type=\"widget\" data-widget_type=\"heading.default\">\n\t\t\t\t<div class=\"elementor-widget-container\">\n\t\t\t\t\t<h3 class=\"elementor-heading-title elementor-size-default\">Solutions tailored to your needs<\/h3>\t\t\t\t<\/div>\n\t\t\t\t<\/div>\n\t\t\t\t<div class=\"elementor-element elementor-element-6af84af3 elementor-widget__width-initial elementor-widget-mobile__width-inherit elementor-widget elementor-widget-text-editor\" data-id=\"6af84af3\" data-element_type=\"widget\" data-widget_type=\"text-editor.default\">\n\t\t\t\t<div class=\"elementor-widget-container\">\n\t\t\t\t\t\t\t\t\t<p>Whether you're a first-time buyer, a property investor or a homeowner looking to refinance, we'll find the right solution for you. We take into account your income, risk tolerance and future plans to offer you flexible, cost-effective financing that's perfectly aligned with your needs.<\/p>\t\t\t\t\t\t\t\t<\/div>\n\t\t\t\t<\/div>\n\t\t\t\t<\/div>\n\t\t\t\t<\/div>\n\t\t\t\t<\/div>","protected":false},"excerpt":{"rendered":"<p>Financement r\u00e9sidentiel Que vous achetiez votre premi\u00e8re maison, souhaitiez refinancer votre pr\u00eat ou investissiez dans l\u2019immobilier, Imbeault Pr\u00eats vous accompagne \u00e0 chaque \u00e9tape. Gr\u00e2ce \u00e0 notre expertise en financement r\u00e9sidentiel, nous vous aidons \u00e0 trouver les meilleures solutions adapt\u00e9es \u00e0 votre situation et \u00e0 vos objectifs financiers. Demander plus d&rsquo;information &gt; Nos services Achat d\u2019une [&hellip;]<\/p>","protected":false},"author":1,"featured_media":0,"parent":0,"menu_order":0,"comment_status":"closed","ping_status":"closed","template":"","meta":{"footnotes":""},"class_list":["post-125","page","type-page","status-publish","hentry"],"_links":{"self":[{"href":"https:\/\/imbeaultprets.ca\/en\/wp-json\/wp\/v2\/pages\/125","targetHints":{"allow":["GET"]}}],"collection":[{"href":"https:\/\/imbeaultprets.ca\/en\/wp-json\/wp\/v2\/pages"}],"about":[{"href":"https:\/\/imbeaultprets.ca\/en\/wp-json\/wp\/v2\/types\/page"}],"author":[{"embeddable":true,"href":"https:\/\/imbeaultprets.ca\/en\/wp-json\/wp\/v2\/users\/1"}],"replies":[{"embeddable":true,"href":"https:\/\/imbeaultprets.ca\/en\/wp-json\/wp\/v2\/comments?post=125"}],"version-history":[{"count":25,"href":"https:\/\/imbeaultprets.ca\/en\/wp-json\/wp\/v2\/pages\/125\/revisions"}],"predecessor-version":[{"id":684,"href":"https:\/\/imbeaultprets.ca\/en\/wp-json\/wp\/v2\/pages\/125\/revisions\/684"}],"wp:attachment":[{"href":"https:\/\/imbeaultprets.ca\/en\/wp-json\/wp\/v2\/media?parent=125"}],"curies":[{"name":"wp","href":"https:\/\/api.w.org\/{rel}","templated":true}]}}